{"id":92,"date":"2025-11-10T00:06:17","date_gmt":"2025-11-09T23:06:17","guid":{"rendered":"https:\/\/charleslenay.com\/?page_id=92"},"modified":"2025-11-10T00:06:17","modified_gmt":"2025-11-09T23:06:17","slug":"heredite-et-mort-la-question-de-lacquis","status":"publish","type":"page","link":"https:\/\/charleslenay.com\/index.php\/heredite-et-mort-la-question-de-lacquis\/","title":{"rendered":"H\u00e9r\u00e9dit\u00e9 et Mort: la question de l\u2019Acquis"},"content":{"rendered":"\n<p>\u00ab\u00a0H\u00e9r\u00e9dit\u00e9 et Mort\u202f: la question de l\u2019Acquis\u00a0\u00bb. <em>Bull. Hist. Epist\u00e9m. Sci. Vie<\/em> 14, n<sup>o<\/sup> 2 (2007): 187\u2011202.<\/p>\n\n\n\n<div data-wp-interactive=\"core\/file\" class=\"wp-block-file\"><object data-wp-bind--hidden=\"!state.hasPdfPreview\" hidden class=\"wp-block-file__embed\" data=\"https:\/\/charleslenay.com\/wp-content\/uploads\/2025\/11\/2003-Heredite-et-Mort-la-question-de-lAcquis.pdf\" type=\"application\/pdf\" style=\"width:100%;height:600px\" aria-label=\"Contenu embarqu\u00e9 2003-H\u00e9r\u00e9dit\u00e9 et Mort\u202f la question de l\u2019Acquis.\"><\/object><a id=\"wp-block-file--media-e7dfe130-5935-47bc-8432-fc9117646615\" href=\"https:\/\/charleslenay.com\/wp-content\/uploads\/2025\/11\/2003-Heredite-et-Mort-la-question-de-lAcquis.pdf\">2003-H\u00e9r\u00e9dit\u00e9 et Mort\u202f la question de l\u2019Acquis<\/a><a href=\"https:\/\/charleslenay.com\/wp-content\/uploads\/2025\/11\/2003-Heredite-et-Mort-la-question-de-lAcquis.pdf\" class=\"wp-block-file__button wp-element-button\" download aria-describedby=\"wp-block-file--media-e7dfe130-5935-47bc-8432-fc9117646615\">T\u00e9l\u00e9charger<\/a><\/div>\n","protected":false},"excerpt":{"rendered":"<p>\u00ab\u00a0H\u00e9r\u00e9dit\u00e9 et Mort\u202f: la question de l\u2019Acquis\u00a0\u00bb. Bull. Hist. Epist\u00e9m. Sci. Vie 14, no 2 (2007): 187\u2011202.<\/p>\n","protected":false},"author":1,"featured_media":0,"parent":0,"menu_order":0,"comment_status":"closed","ping_status":"closed","template":"","meta":{"footnotes":""},"class_list":["post-92","page","type-page","status-publish","hentry"],"_links":{"self":[{"href":"https:\/\/charleslenay.com\/index.php\/wp-json\/wp\/v2\/pages\/92","targetHints":{"allow":["GET"]}}],"collection":[{"href":"https:\/\/charleslenay.com\/index.php\/wp-json\/wp\/v2\/pages"}],"about":[{"href":"https:\/\/charleslenay.com\/index.php\/wp-json\/wp\/v2\/types\/page"}],"author":[{"embeddable":true,"href":"https:\/\/charleslenay.com\/index.php\/wp-json\/wp\/v2\/users\/1"}],"replies":[{"embeddable":true,"href":"https:\/\/charleslenay.com\/index.php\/wp-json\/wp\/v2\/comments?post=92"}],"version-history":[{"count":1,"href":"https:\/\/charleslenay.com\/index.php\/wp-json\/wp\/v2\/pages\/92\/revisions"}],"predecessor-version":[{"id":94,"href":"https:\/\/charleslenay.com\/index.php\/wp-json\/wp\/v2\/pages\/92\/revisions\/94"}],"wp:attachment":[{"href":"https:\/\/charleslenay.com\/index.php\/wp-json\/wp\/v2\/media?parent=92"}],"curies":[{"name":"wp","href":"https:\/\/api.w.org\/{rel}","templated":true}]}}