{"id":89,"date":"2025-11-10T00:03:35","date_gmt":"2025-11-09T23:03:35","guid":{"rendered":"https:\/\/charleslenay.com\/?page_id=89"},"modified":"2025-11-10T00:03:54","modified_gmt":"2025-11-09T23:03:54","slug":"les-limites-naturelles-de-la-duree-de-vie-et-la-question-de-lheredite-de-lacquis","status":"publish","type":"page","link":"https:\/\/charleslenay.com\/index.php\/les-limites-naturelles-de-la-duree-de-vie-et-la-question-de-lheredite-de-lacquis\/","title":{"rendered":"Les limites naturelles de la dur\u00e9e de vie et la question de l\u2019h\u00e9r\u00e9dit\u00e9 de l\u2019acquis"},"content":{"rendered":"\n<p>\u00ab Les limites naturelles de la dur\u00e9e de vie et la question de l\u2019h\u00e9r\u00e9dit\u00e9 de l\u2019acquis \u00bb. Etudes sur la mort. Thanatologie, L\u2019esprit du temps, n\u00b0 124 (2003): 43\u201358.<\/p>\n\n\n\n<div data-wp-interactive=\"core\/file\" class=\"wp-block-file\"><object data-wp-bind--hidden=\"!state.hasPdfPreview\" hidden class=\"wp-block-file__embed\" data=\"https:\/\/charleslenay.com\/wp-content\/uploads\/2025\/11\/2003-Les-limites-naturelles-de-la-duree-de-vie-et-la-question-de-lheredite.pdf\" type=\"application\/pdf\" style=\"width:100%;height:600px\" aria-label=\"Contenu embarqu\u00e9 2003-Les limites naturelles de la dur\u00e9e de vie et la question de l\u2019h\u00e9r\u00e9dit\u00e9.\"><\/object><a id=\"wp-block-file--media-68150ee4-f237-4516-8453-df365f73737c\" href=\"https:\/\/charleslenay.com\/wp-content\/uploads\/2025\/11\/2003-Les-limites-naturelles-de-la-duree-de-vie-et-la-question-de-lheredite.pdf\">2003-Les limites naturelles de la dur\u00e9e de vie et la question de l\u2019h\u00e9r\u00e9dit\u00e9<\/a><a href=\"https:\/\/charleslenay.com\/wp-content\/uploads\/2025\/11\/2003-Les-limites-naturelles-de-la-duree-de-vie-et-la-question-de-lheredite.pdf\" class=\"wp-block-file__button wp-element-button\" download aria-describedby=\"wp-block-file--media-68150ee4-f237-4516-8453-df365f73737c\">T\u00e9l\u00e9charger<\/a><\/div>\n\n\n\n<p><\/p>\n","protected":false},"excerpt":{"rendered":"<p>\u00ab Les limites naturelles de la dur\u00e9e de vie et la question de l\u2019h\u00e9r\u00e9dit\u00e9 de l\u2019acquis \u00bb. Etudes sur la mort. Thanatologie, L\u2019esprit du temps, n\u00b0 124 (2003): 43\u201358.<\/p>\n","protected":false},"author":1,"featured_media":0,"parent":0,"menu_order":0,"comment_status":"closed","ping_status":"closed","template":"","meta":{"footnotes":""},"class_list":["post-89","page","type-page","status-publish","hentry"],"_links":{"self":[{"href":"https:\/\/charleslenay.com\/index.php\/wp-json\/wp\/v2\/pages\/89","targetHints":{"allow":["GET"]}}],"collection":[{"href":"https:\/\/charleslenay.com\/index.php\/wp-json\/wp\/v2\/pages"}],"about":[{"href":"https:\/\/charleslenay.com\/index.php\/wp-json\/wp\/v2\/types\/page"}],"author":[{"embeddable":true,"href":"https:\/\/charleslenay.com\/index.php\/wp-json\/wp\/v2\/users\/1"}],"replies":[{"embeddable":true,"href":"https:\/\/charleslenay.com\/index.php\/wp-json\/wp\/v2\/comments?post=89"}],"version-history":[{"count":1,"href":"https:\/\/charleslenay.com\/index.php\/wp-json\/wp\/v2\/pages\/89\/revisions"}],"predecessor-version":[{"id":91,"href":"https:\/\/charleslenay.com\/index.php\/wp-json\/wp\/v2\/pages\/89\/revisions\/91"}],"wp:attachment":[{"href":"https:\/\/charleslenay.com\/index.php\/wp-json\/wp\/v2\/media?parent=89"}],"curies":[{"name":"wp","href":"https:\/\/api.w.org\/{rel}","templated":true}]}}