{"id":83,"date":"2025-11-09T23:53:15","date_gmt":"2025-11-09T22:53:15","guid":{"rendered":"https:\/\/charleslenay.com\/?page_id=83"},"modified":"2025-11-09T23:53:24","modified_gmt":"2025-11-09T22:53:24","slug":"yves-delage-evolution-et-heredite-dun-point-de-vue-neo-lamarckien","status":"publish","type":"page","link":"https:\/\/charleslenay.com\/index.php\/yves-delage-evolution-et-heredite-dun-point-de-vue-neo-lamarckien\/","title":{"rendered":"Yves Delage: \u00e9volution et h\u00e9r\u00e9dit\u00e9 d&rsquo;un point de vue n\u00e9o-lamarckien"},"content":{"rendered":"\n<p>\u00ab\u00a0Yves Delage: \u00e9volution et h\u00e9r\u00e9dit\u00e9 d\u2019un point de vue n\u00e9o-lamarckien\u00a0\u00bb. In <em>Jean-Baptiste Lamarck 1744-1829<\/em>, G. Laurent., 587\u201198. Paris: Editions du CTHS, 1997<\/p>\n\n\n\n<div data-wp-interactive=\"core\/file\" class=\"wp-block-file\"><object data-wp-bind--hidden=\"!state.hasPdfPreview\" hidden class=\"wp-block-file__embed\" data=\"https:\/\/charleslenay.com\/wp-content\/uploads\/2025\/11\/1997-Yves-DELAGE-Evolution-C.pdf\" type=\"application\/pdf\" style=\"width:100%;height:600px\" aria-label=\"Contenu embarqu\u00e9 1997-Yves DELAGE-Evolution-C.\"><\/object><a id=\"wp-block-file--media-c1620034-61c2-4465-ad80-0c844c63e7d6\" href=\"https:\/\/charleslenay.com\/wp-content\/uploads\/2025\/11\/1997-Yves-DELAGE-Evolution-C.pdf\">1997-Yves DELAGE-Evolution-C<\/a><a href=\"https:\/\/charleslenay.com\/wp-content\/uploads\/2025\/11\/1997-Yves-DELAGE-Evolution-C.pdf\" class=\"wp-block-file__button wp-element-button\" download aria-describedby=\"wp-block-file--media-c1620034-61c2-4465-ad80-0c844c63e7d6\">T\u00e9l\u00e9charger<\/a><\/div>\n","protected":false},"excerpt":{"rendered":"<p>\u00ab\u00a0Yves Delage: \u00e9volution et h\u00e9r\u00e9dit\u00e9 d\u2019un point de vue n\u00e9o-lamarckien\u00a0\u00bb. In Jean-Baptiste Lamarck 1744-1829, G. Laurent., 587\u201198. Paris: Editions du CTHS, 1997<\/p>\n","protected":false},"author":1,"featured_media":0,"parent":0,"menu_order":0,"comment_status":"closed","ping_status":"closed","template":"","meta":{"footnotes":""},"class_list":["post-83","page","type-page","status-publish","hentry"],"_links":{"self":[{"href":"https:\/\/charleslenay.com\/index.php\/wp-json\/wp\/v2\/pages\/83","targetHints":{"allow":["GET"]}}],"collection":[{"href":"https:\/\/charleslenay.com\/index.php\/wp-json\/wp\/v2\/pages"}],"about":[{"href":"https:\/\/charleslenay.com\/index.php\/wp-json\/wp\/v2\/types\/page"}],"author":[{"embeddable":true,"href":"https:\/\/charleslenay.com\/index.php\/wp-json\/wp\/v2\/users\/1"}],"replies":[{"embeddable":true,"href":"https:\/\/charleslenay.com\/index.php\/wp-json\/wp\/v2\/comments?post=83"}],"version-history":[{"count":2,"href":"https:\/\/charleslenay.com\/index.php\/wp-json\/wp\/v2\/pages\/83\/revisions"}],"predecessor-version":[{"id":86,"href":"https:\/\/charleslenay.com\/index.php\/wp-json\/wp\/v2\/pages\/83\/revisions\/86"}],"wp:attachment":[{"href":"https:\/\/charleslenay.com\/index.php\/wp-json\/wp\/v2\/media?parent=83"}],"curies":[{"name":"wp","href":"https:\/\/api.w.org\/{rel}","templated":true}]}}