{"id":789,"date":"2026-04-15T01:48:24","date_gmt":"2026-04-14T23:48:24","guid":{"rendered":"https:\/\/charleslenay.com\/?page_id=789"},"modified":"2026-04-15T01:48:24","modified_gmt":"2026-04-14T23:48:24","slug":"prehistoire-de-la-genetique-hugo-de-vries-et-lidee-dindependance-des-caracteres","status":"publish","type":"page","link":"https:\/\/charleslenay.com\/index.php\/prehistoire-de-la-genetique-hugo-de-vries-et-lidee-dindependance-des-caracteres\/","title":{"rendered":"Pr\u00e9histoire de la g\u00e9n\u00e9tique\u202f: Hugo de Vries et l\u2019id\u00e9e d\u2019ind\u00e9pendance des caract\u00e8res"},"content":{"rendered":"\n<div data-wp-interactive=\"core\/file\" class=\"wp-block-file\"><object data-wp-bind--hidden=\"!state.hasPdfPreview\" hidden class=\"wp-block-file__embed\" data=\"https:\/\/charleslenay.com\/wp-content\/uploads\/2026\/04\/Prehistoire-de-la-genetique.pdf\" type=\"application\/pdf\" style=\"width:100%;height:600px\" aria-label=\"Contenu embarqu\u00e9 Pr\u00e9histoire de la g\u00e9n\u00e9tique.\"><\/object><a id=\"wp-block-file--media-0cfe515f-7b12-4a70-9363-53acb20d5ee5\" href=\"https:\/\/charleslenay.com\/wp-content\/uploads\/2026\/04\/Prehistoire-de-la-genetique.pdf\">Pr\u00e9histoire de la g\u00e9n\u00e9tique<\/a><a href=\"https:\/\/charleslenay.com\/wp-content\/uploads\/2026\/04\/Prehistoire-de-la-genetique.pdf\" class=\"wp-block-file__button wp-element-button\" download aria-describedby=\"wp-block-file--media-0cfe515f-7b12-4a70-9363-53acb20d5ee5\">T\u00e9l\u00e9charger<\/a><\/div>\n","protected":false},"excerpt":{"rendered":"","protected":false},"author":1,"featured_media":0,"parent":0,"menu_order":0,"comment_status":"closed","ping_status":"closed","template":"","meta":{"footnotes":""},"class_list":["post-789","page","type-page","status-publish","hentry"],"_links":{"self":[{"href":"https:\/\/charleslenay.com\/index.php\/wp-json\/wp\/v2\/pages\/789","targetHints":{"allow":["GET"]}}],"collection":[{"href":"https:\/\/charleslenay.com\/index.php\/wp-json\/wp\/v2\/pages"}],"about":[{"href":"https:\/\/charleslenay.com\/index.php\/wp-json\/wp\/v2\/types\/page"}],"author":[{"embeddable":true,"href":"https:\/\/charleslenay.com\/index.php\/wp-json\/wp\/v2\/users\/1"}],"replies":[{"embeddable":true,"href":"https:\/\/charleslenay.com\/index.php\/wp-json\/wp\/v2\/comments?post=789"}],"version-history":[{"count":1,"href":"https:\/\/charleslenay.com\/index.php\/wp-json\/wp\/v2\/pages\/789\/revisions"}],"predecessor-version":[{"id":791,"href":"https:\/\/charleslenay.com\/index.php\/wp-json\/wp\/v2\/pages\/789\/revisions\/791"}],"wp:attachment":[{"href":"https:\/\/charleslenay.com\/index.php\/wp-json\/wp\/v2\/media?parent=789"}],"curies":[{"name":"wp","href":"https:\/\/api.w.org\/{rel}","templated":true}]}}