{"id":62,"date":"2025-11-09T23:36:02","date_gmt":"2025-11-09T22:36:02","guid":{"rendered":"https:\/\/charleslenay.com\/?page_id=62"},"modified":"2025-12-08T14:46:49","modified_gmt":"2025-12-08T13:46:49","slug":"la-notion-de-hasard-en-biologie","status":"publish","type":"page","link":"https:\/\/charleslenay.com\/index.php\/la-notion-de-hasard-en-biologie\/","title":{"rendered":"La notion de Hasard en Biologie"},"content":{"rendered":"\n<h3 class=\"wp-block-heading\">Enqu\u00eate sur le hasard dans les grandes th\u00e9ories biologiques de la deuxi\u00e8me moiti\u00e9 du XIXe si\u00e8cle (Th\u00e8se de doctorat)<\/h3>\n\n\n\n<div class=\"wp-block-group is-nowrap is-layout-flex wp-container-core-group-is-layout-6c531013 wp-block-group-is-layout-flex\"><\/div>\n\n\n\n<div class=\"wp-block-group is-nowrap is-layout-flex wp-container-core-group-is-layout-6c531013 wp-block-group-is-layout-flex\">\n<ul class=\"wp-block-list\">\n<li><a href=\"https:\/\/charleslenay.com\/index.php\/tome-1\/\" data-type=\"page\" data-id=\"64\">Tome 1<\/a><\/li>\n\n\n\n<li><a href=\"https:\/\/charleslenay.com\/index.php\/tome-2\/\" data-type=\"page\" data-id=\"67\">Tome 2<\/a><\/li>\n<\/ul>\n\n\n\n<figure class=\"wp-block-image size-large is-resized\"><img loading=\"lazy\" decoding=\"async\" width=\"715\" height=\"1024\" src=\"http:\/\/charleslenay.com\/wp-content\/uploads\/2025\/12\/20251207_151014-scaled-e1765200935444-715x1024.jpg\" alt=\"\" class=\"wp-image-529\" style=\"aspect-ratio:0.6982502440889887;width:241px;height:auto\" srcset=\"https:\/\/charleslenay.com\/wp-content\/uploads\/2025\/12\/20251207_151014-scaled-e1765200935444-715x1024.jpg 715w, https:\/\/charleslenay.com\/wp-content\/uploads\/2025\/12\/20251207_151014-scaled-e1765200935444-210x300.jpg 210w, https:\/\/charleslenay.com\/wp-content\/uploads\/2025\/12\/20251207_151014-scaled-e1765200935444-768x1100.jpg 768w, https:\/\/charleslenay.com\/wp-content\/uploads\/2025\/12\/20251207_151014-scaled-e1765200935444-1073x1536.jpg 1073w, https:\/\/charleslenay.com\/wp-content\/uploads\/2025\/12\/20251207_151014-scaled-e1765200935444-1430x2048.jpg 1430w, https:\/\/charleslenay.com\/wp-content\/uploads\/2025\/12\/20251207_151014-scaled-e1765200935444.jpg 1788w\" sizes=\"auto, (max-width: 715px) 100vw, 715px\" \/><\/figure>\n<\/div>\n\n\n\n<p><\/p>\n","protected":false},"excerpt":{"rendered":"<p>Enqu\u00eate sur le hasard dans les grandes th\u00e9ories biologiques de la deuxi\u00e8me moiti\u00e9 du XIXe si\u00e8cle (Th\u00e8se de doctorat)<\/p>\n","protected":false},"author":1,"featured_media":0,"parent":0,"menu_order":0,"comment_status":"closed","ping_status":"closed","template":"","meta":{"footnotes":""},"class_list":["post-62","page","type-page","status-publish","hentry"],"_links":{"self":[{"href":"https:\/\/charleslenay.com\/index.php\/wp-json\/wp\/v2\/pages\/62","targetHints":{"allow":["GET"]}}],"collection":[{"href":"https:\/\/charleslenay.com\/index.php\/wp-json\/wp\/v2\/pages"}],"about":[{"href":"https:\/\/charleslenay.com\/index.php\/wp-json\/wp\/v2\/types\/page"}],"author":[{"embeddable":true,"href":"https:\/\/charleslenay.com\/index.php\/wp-json\/wp\/v2\/users\/1"}],"replies":[{"embeddable":true,"href":"https:\/\/charleslenay.com\/index.php\/wp-json\/wp\/v2\/comments?post=62"}],"version-history":[{"count":4,"href":"https:\/\/charleslenay.com\/index.php\/wp-json\/wp\/v2\/pages\/62\/revisions"}],"predecessor-version":[{"id":537,"href":"https:\/\/charleslenay.com\/index.php\/wp-json\/wp\/v2\/pages\/62\/revisions\/537"}],"wp:attachment":[{"href":"https:\/\/charleslenay.com\/index.php\/wp-json\/wp\/v2\/media?parent=62"}],"curies":[{"name":"wp","href":"https:\/\/api.w.org\/{rel}","templated":true}]}}