{"id":544,"date":"2025-12-08T15:13:05","date_gmt":"2025-12-08T14:13:05","guid":{"rendered":"https:\/\/charleslenay.com\/?page_id=544"},"modified":"2025-12-08T15:17:34","modified_gmt":"2025-12-08T14:17:34","slug":"la-question-de-lheredite-histoire-dune-coupure-dans-la-causalite","status":"publish","type":"page","link":"https:\/\/charleslenay.com\/index.php\/la-question-de-lheredite-histoire-dune-coupure-dans-la-causalite\/","title":{"rendered":"La question de l&rsquo;h\u00e9r\u00e9dit\u00e9 &#8211; Histoire d&rsquo;une coupure dans la causalit\u00e9"},"content":{"rendered":"\n<figure class=\"wp-block-image size-full\"><img loading=\"lazy\" decoding=\"async\" width=\"303\" height=\"499\" src=\"http:\/\/charleslenay.com\/wp-content\/uploads\/2025\/12\/Anthologie-Theories-de-lheredite-e1764861620363.png\" alt=\"\" class=\"wp-image-505\" srcset=\"https:\/\/charleslenay.com\/wp-content\/uploads\/2025\/12\/Anthologie-Theories-de-lheredite-e1764861620363.png 303w, https:\/\/charleslenay.com\/wp-content\/uploads\/2025\/12\/Anthologie-Theories-de-lheredite-e1764861620363-182x300.png 182w\" sizes=\"auto, (max-width: 303px) 100vw, 303px\" \/><\/figure>\n\n\n\n<p><\/p>\n","protected":false},"excerpt":{"rendered":"","protected":false},"author":1,"featured_media":0,"parent":0,"menu_order":0,"comment_status":"closed","ping_status":"closed","template":"","meta":{"footnotes":""},"class_list":["post-544","page","type-page","status-publish","hentry"],"_links":{"self":[{"href":"https:\/\/charleslenay.com\/index.php\/wp-json\/wp\/v2\/pages\/544","targetHints":{"allow":["GET"]}}],"collection":[{"href":"https:\/\/charleslenay.com\/index.php\/wp-json\/wp\/v2\/pages"}],"about":[{"href":"https:\/\/charleslenay.com\/index.php\/wp-json\/wp\/v2\/types\/page"}],"author":[{"embeddable":true,"href":"https:\/\/charleslenay.com\/index.php\/wp-json\/wp\/v2\/users\/1"}],"replies":[{"embeddable":true,"href":"https:\/\/charleslenay.com\/index.php\/wp-json\/wp\/v2\/comments?post=544"}],"version-history":[{"count":3,"href":"https:\/\/charleslenay.com\/index.php\/wp-json\/wp\/v2\/pages\/544\/revisions"}],"predecessor-version":[{"id":548,"href":"https:\/\/charleslenay.com\/index.php\/wp-json\/wp\/v2\/pages\/544\/revisions\/548"}],"wp:attachment":[{"href":"https:\/\/charleslenay.com\/index.php\/wp-json\/wp\/v2\/media?parent=544"}],"curies":[{"name":"wp","href":"https:\/\/api.w.org\/{rel}","templated":true}]}}