{"id":538,"date":"2025-12-08T15:10:17","date_gmt":"2025-12-08T14:10:17","guid":{"rendered":"https:\/\/charleslenay.com\/?page_id=538"},"modified":"2026-04-14T19:30:27","modified_gmt":"2026-04-14T17:30:27","slug":"darwin-scheme-de-la-selection-naturelle","status":"publish","type":"page","link":"https:\/\/charleslenay.com\/index.php\/darwin-scheme-de-la-selection-naturelle\/","title":{"rendered":"Darwin &#8211; Sch\u00e8me de la s\u00e9lection naturelle"},"content":{"rendered":"\n<pre class=\"wp-block-preformatted\"><br><br><span class=\"has-superb-addons-text-align-justify\">Les deux formes du possible, capacit\u00e9 et multiplicit\u00e9, correspondent aux deux aspects du monde vivant qui fascinaient Charles Darwin dans sa jeunesse. D\u2019un c\u00f4t\u00e9, la <a href=\"https:\/\/charleslenay.com\/index.php\/theories-de-levolution-2\/\" data-type=\"page\" data-id=\"598\">th\u00e9ologie naturelle<\/a> apprenait \u00e0 admirer l'extraordinaire complexit\u00e9 et la multiplicit\u00e9 des adaptations des organismes, signes de l\u2019intentionnalit\u00e9 bienfaisante du cr\u00e9ateur agissant comme un artisan qui fa\u00e7onne ses objets en vue de leur fonctions possibles. Et d\u2019un autre c\u00f4t\u00e9, l'activit\u00e9 principale des soci\u00e9t\u00e9s linn\u00e9ennes o\u00f9 les jeunes apprenaient \u00e0 herboriser et classifier la multitude des esp\u00e8ces dans le champ des possibles du plan de la cr\u00e9ation.<\/span><br><\/pre>\n\n\n\n<div class=\"wp-block-columns is-layout-flex wp-container-core-columns-is-layout-28f84493 wp-block-columns-is-layout-flex\">\n<div class=\"wp-block-column is-layout-flow wp-block-column-is-layout-flow\" style=\"flex-basis:100%\">\n<div class=\"wp-block-group alignfull is-nowrap is-layout-flex wp-container-core-group-is-layout-6c531013 wp-block-group-is-layout-flex\">\n<div class=\"wp-block-cover\"><img loading=\"lazy\" decoding=\"async\" width=\"150\" height=\"150\" class=\"wp-block-cover__image-background wp-image-202 size-thumbnail\" alt=\"\" src=\"https:\/\/charleslenay.com\/wp-content\/uploads\/2025\/11\/Darwin-couv3-150x150.jpg\" style=\"object-position:84% 50%\" data-object-fit=\"cover\" data-object-position=\"84% 50%\"\/><span aria-hidden=\"true\" class=\"wp-block-cover__background has-background-dim\"><\/span><div class=\"wp-block-cover__inner-container is-layout-flow wp-block-cover-is-layout-flow\">\n<p class=\"has-text-align-center has-large-font-size\"><strong>Lenay<\/strong>, C. <em>Darwin<\/em>. Figures du savoir. Paris: Belles Lettres, 1999.<\/p>\n<\/div><\/div>\n\n\n\n<ul class=\"wp-block-list\">\n<li>I. Les origines du darwinisme<\/li>\n\n\n\n<li>II. Le mouvement de la d\u00e9couverte<\/li>\n\n\n\n<li>III. La r\u00e9ception<\/li>\n\n\n\n<li>I<a href=\"https:\/\/charleslenay.com\/index.php\/darwin-iv-recherches-suivantes-et-posterite\/\" data-type=\"page\" data-id=\"648\">V. Recherches suivantes et post\u00e9rit\u00e9<\/a><\/li>\n\n\n\n<li>V. \u00c9thique et \u00e9pist\u00e9mologie<\/li>\n<\/ul>\n<\/div>\n<\/div>\n\n\n\n<div class=\"wp-block-column is-layout-flow wp-block-column-is-layout-flow\"><\/div>\n<\/div>\n\n\n\n<div class=\"wp-block-columns is-layout-flex wp-container-core-columns-is-layout-28f84493 wp-block-columns-is-layout-flex\">\n<div class=\"wp-block-column is-layout-flow wp-block-column-is-layout-flow\"><\/div>\n<\/div>\n\n\n\n<pre class=\"wp-block-preformatted\"><\/pre>\n\n\n\n<pre class=\"wp-block-preformatted\"><span class=\"has-superb-addons-text-align-justify\">Avec la th\u00e9orie de la s\u00e9lection naturelle Darwin proposait un sch\u00e8me explicatif nouveau qui permettait de rendre compte des organisations complexes et des adaptations des \u00eatres vivants sans faire intervenir de causes finales, c\u2019est-\u00e0-dire en maintenant un cadre globalement m\u00e9caniste. Cette r\u00e9ponse non-intentionnelle aux probl\u00e8mes de l\u2019organisation et de l\u2019adaptation, mobilisait une forme de hasard et s\u2019appuyait sur une m\u00e9taphore technique.<\/span><\/pre>\n\n\n\n<pre class=\"wp-block-preformatted\"><span class=\"has-superb-addons-text-align-justify\">En effet l\u2019intuition centrale de la pens\u00e9e de Darwin dont les cons\u00e9quences th\u00e9oriques et philosophiques ont \u00e9t\u00e9 immenses, est celle d\u2019une coupure dans la causalit\u00e9 entre les variations h\u00e9r\u00e9ditaires et les conditions de s\u00e9lection : les variations se produisent d\u2019abord au hasard puis ensuite la s\u00e9lection naturelle conserve les plus favorables \u00e0 la reproduction des individus qui les portent.<\/span><\/pre>\n\n\n\n<pre class=\"wp-block-preformatted\"><span class=\"has-superb-addons-text-align-justify\">Mais comment expliquer cette coupure qui rend compte du hasard ? Pour cela Darwin utilisait abondamment l\u2019analogie de la s\u00e9lection artificielle. Les \u00e9leveurs et horticulteurs observaient bien parmi leurs esp\u00e8ces domestiques des variations individuelles transmissibles \u00e0 la descendance. Mais, en d\u00e9pit de leurs nombreuses recherches, ils n\u2019en avaient pas trouv\u00e9 les causes. Ces variations se produisent au hasard pour eux. Ce n'est pas un hasard absolu. On peut continuer \u00e0 supposer l'existence de causes inconnues. C'est seulement un hasard \u00e9pist\u00e9mique. Dans cette ignorance ils en sont r\u00e9duits \u00e0 conserver pour la reproduction les individus qui leur semble les plus int\u00e9ressants et ainsi progressivement produire toutes les vari\u00e9t\u00e9s que nous connaissons. Pour Darwin cette technique de s\u00e9lection artificielle servait de mod\u00e8le pour penser que, de m\u00eame que les variations h\u00e9r\u00e9ditaires sont au <em>hasard pour<\/em> la s\u00e9lection artificielle des \u00e9leveurs, elles seraient au <em>hasard pour<\/em> la s\u00e9lection naturelle. Par cette projection \u00e9pist\u00e9mique Darwin affirmait que, de m\u00eame que les \u00e9leveurs ne d\u00e9terminent pas les variations de leurs animaux domestiques, dans la nature, les conditions de s\u00e9lection ne d\u00e9terminent pas les variations h\u00e9r\u00e9ditaires individuelles.<\/span><br><br><span class=\"has-superb-addons-text-align-justify\">Il \u00e9tait difficile de justifier une telle coupure dans la causalit\u00e9 telle que des \u00e9v\u00e9nements d'un genre (les variations h\u00e9r\u00e9ditaires) soient ind\u00e9pendants des \u00e9v\u00e9nements d'un autre genre (ceux qui produisent la s\u00e9lection) surtout avant que la moindre th\u00e9orie de l'h\u00e9r\u00e9dit\u00e9 ait \u00e9t\u00e9 propos\u00e9e ! C'est \u00e0 cette question que j'ai consacr\u00e9 l'essentiel de ma <a href=\"https:\/\/charleslenay.com\/wp-content\/uploads\/2025\/11\/1989-La-notion-de-hasard-en-biologie_These-Tome_1-.pdf\" data-type=\"attachment\" data-id=\"65\">th\u00e8se d'histoire des sciences<\/a>. Il fallait rendre compte de ce que j'ai appel\u00e9 un hasard relatif hi\u00e9rarchique telle que les variations h\u00e9r\u00e9ditaires se produisent suivant une causalit\u00e9 indiff\u00e9rente \u00e0 leur valeur adaptative <em>pour<\/em> la s\u00e9lection naturelle. Pour cela on peut suivre la fa\u00e7on dont la th\u00e9orie darwinienne posait la question des m\u00e9canismes de l'h\u00e9r\u00e9dit\u00e9, ce qui de Galton \u00e0 Weismann puis de Hugo de Vries et Mendel, a conduit \u00e0 la d\u00e9couverte d'un support mat\u00e9riel de l'h\u00e9r\u00e9dit\u00e9 dans les chromosomes et avec la double h\u00e9lice de l'ADN de Watson et Crick. J'ai ainsi montr\u00e9 comment le hasard darwinien se retrouvait dans le hasard des recombinaisons g\u00e9n\u00e9tiques.[<a href=\"https:\/\/charleslenay.com\/wp-content\/uploads\/2025\/11\/1989-La-notion-de-hasard-en-biologie_These-Tome_2-.pdf\" data-type=\"attachment\" data-id=\"68\">La notion de hasard en biologie, t.2<\/a>] [<a href=\"https:\/\/charleslenay.com\/index.php\/darwin-iv-recherches-suivantes-et-posterite\/\" data-type=\"page\" data-id=\"648\">Darwin : IV. Recherches suivantes et h\u00e9r\u00e9dit\u00e9<\/a>] Le champ des variations possibles peut alors \u00eatre d\u00e9fini par la combinatoire des bases nucl\u00e9iques qui sera s\u00e9lectionn\u00e9e, d'abord sur la base de la viabilit\u00e9 du d\u00e9veloppement de l'organisme et ensuite par la valeur adaptative pour la reproduction de cet organisme. <\/span>  <\/pre>\n\n\n\n<pre class=\"wp-block-preformatted\"><span class=\"has-superb-addons-text-align-justify\">Darwin pensait aussi devoir se d\u00e9fendre contre le soup\u00e7on d'une r\u00e9introduction dans la nature d'une forme d'intentionnalit\u00e9 \u00e0 travers la notion de s\u00e9lection. Pour cela, il cherchait \u00e0 naturaliser le processus de s\u00e9lection artificielle lui-m\u00eame, en s'appuyant en particulier sur l'analyse des comportements des \u00e9leveurs d'animaux de fantaisie. En effet, il observait que les \u00e9leveurs se laissaient souvent guider par les variations originales qu'ils observaient et qui leur semblaient prometteuses. Ainsi, le hasard hi\u00e9rarchique des variations pour les \u00e9leveurs se g\u00e9n\u00e9ralise en un hasard syst\u00e9mique de la transformation des vari\u00e9t\u00e9s artificielles. Dans la nature des variations h\u00e9r\u00e9ditaires originales seraient capables d'inventer de \"nouvelles places dans l'\u00e9conomie de la nature\", c'est-\u00e0-dire de nouvelles conditions de s\u00e9lection (sp\u00e9ciation sympatrique). [<a href=\"https:\/\/charleslenay.com\/index.php\/darwin-v-ethique-et-epistemologie\/\" data-type=\"page\" data-id=\"651\">Darwin : V. \u00c9thique et \u00e9pist\u00e9mologie<\/a><span class=\"has-superb-addons-text-align-justify\">]<\/span>    <\/span><br><span class=\"has-superb-addons-text-align-justify\">Non seulement les variation sont au hasard pour la s\u00e9lection mais l'\u00e9volution elle-m\u00eame est ind\u00e9termin\u00e9e. Il n'y a pas de direction, pas de progr\u00e8s dans l'\u00e9volution mais un hasard syst\u00e9mique dans un champ de possibles ind\u00e9fini. Le champ des variations possibles pour les \u00e9leveurs se d\u00e9ploie en un champ de vari\u00e9t\u00e9s possibles ; de m\u00eame le champ des variations h\u00e9r\u00e9ditaires possibles se d\u00e9ploie en champ de la diversit\u00e9 des esp\u00e8ces.<\/span><\/pre>\n\n\n\n<p><\/p>\n","protected":false},"excerpt":{"rendered":"<p>Les deux formes du possible, capacit\u00e9 et multiplicit\u00e9, correspondent aux deux aspects du monde vivant qui fascinaient Charles Darwin dans sa jeunesse. D\u2019un c\u00f4t\u00e9, la th\u00e9ologie naturelle apprenait \u00e0 admirer l&rsquo;extraordinaire complexit\u00e9 et la multiplicit\u00e9 des adaptations des organismes, signes de l\u2019intentionnalit\u00e9 bienfaisante du cr\u00e9ateur agissant comme un artisan qui fa\u00e7onne ses objets en vue [&hellip;]<\/p>\n","protected":false},"author":1,"featured_media":0,"parent":0,"menu_order":0,"comment_status":"closed","ping_status":"closed","template":"","meta":{"footnotes":""},"class_list":["post-538","page","type-page","status-publish","hentry"],"_links":{"self":[{"href":"https:\/\/charleslenay.com\/index.php\/wp-json\/wp\/v2\/pages\/538","targetHints":{"allow":["GET"]}}],"collection":[{"href":"https:\/\/charleslenay.com\/index.php\/wp-json\/wp\/v2\/pages"}],"about":[{"href":"https:\/\/charleslenay.com\/index.php\/wp-json\/wp\/v2\/types\/page"}],"author":[{"embeddable":true,"href":"https:\/\/charleslenay.com\/index.php\/wp-json\/wp\/v2\/users\/1"}],"replies":[{"embeddable":true,"href":"https:\/\/charleslenay.com\/index.php\/wp-json\/wp\/v2\/comments?post=538"}],"version-history":[{"count":23,"href":"https:\/\/charleslenay.com\/index.php\/wp-json\/wp\/v2\/pages\/538\/revisions"}],"predecessor-version":[{"id":786,"href":"https:\/\/charleslenay.com\/index.php\/wp-json\/wp\/v2\/pages\/538\/revisions\/786"}],"wp:attachment":[{"href":"https:\/\/charleslenay.com\/index.php\/wp-json\/wp\/v2\/media?parent=538"}],"curies":[{"name":"wp","href":"https:\/\/api.w.org\/{rel}","templated":true}]}}