{"id":396,"date":"2025-11-13T19:51:51","date_gmt":"2025-11-13T18:51:51","guid":{"rendered":"https:\/\/charleslenay.com\/?page_id=396"},"modified":"2025-11-13T19:51:51","modified_gmt":"2025-11-13T18:51:51","slug":"causalite-circulaire-dans-les-systemes-de-systemes","status":"publish","type":"page","link":"https:\/\/charleslenay.com\/index.php\/causalite-circulaire-dans-les-systemes-de-systemes\/","title":{"rendered":"Causalit\u00e9 circulaire dans les syst\u00e8mes de syst\u00e8mes"},"content":{"rendered":"\n<div data-wp-interactive=\"core\/file\" class=\"wp-block-file\"><object data-wp-bind--hidden=\"!state.hasPdfPreview\" hidden class=\"wp-block-file__embed\" data=\"https:\/\/charleslenay.com\/wp-content\/uploads\/2025\/11\/2018-Causalite-circulaire-dans-les-systemes-de-systemes.pdf\" type=\"application\/pdf\" style=\"width:100%;height:600px\" aria-label=\"Contenu embarqu\u00e9 2018-Causalit\u00e9 circulaire dans les syst\u00e8mes de syst\u00e8mes.\"><\/object><a id=\"wp-block-file--media-74886fd4-2707-4cde-88a5-195155ab848b\" href=\"https:\/\/charleslenay.com\/wp-content\/uploads\/2025\/11\/2018-Causalite-circulaire-dans-les-systemes-de-systemes.pdf\">2018-Causalit\u00e9 circulaire dans les syst\u00e8mes de syst\u00e8mes<\/a><a href=\"https:\/\/charleslenay.com\/wp-content\/uploads\/2025\/11\/2018-Causalite-circulaire-dans-les-systemes-de-systemes.pdf\" class=\"wp-block-file__button wp-element-button\" download aria-describedby=\"wp-block-file--media-74886fd4-2707-4cde-88a5-195155ab848b\">T\u00e9l\u00e9charger<\/a><\/div>\n\n\n\n<p>Lenay, Charles. \u00ab\u00a0Causalit\u00e9 circulaire dans les syst\u00e8mes de syst\u00e8mes. Un mod\u00e8le inspir\u00e9 par les animaux sociaux\u00a0\u00bb, 21<br>novembre 2018, Cahiers Costech, num\u00e9ro 2.<br>URL https:\/\/www.costech.utc.fr\/CahiersCostech\/spip.php?article66<\/p>\n\n\n\n<p><\/p>\n","protected":false},"excerpt":{"rendered":"<p>Lenay, Charles. \u00ab\u00a0Causalit\u00e9 circulaire dans les syst\u00e8mes de syst\u00e8mes. Un mod\u00e8le inspir\u00e9 par les animaux sociaux\u00a0\u00bb, 21novembre 2018, Cahiers Costech, num\u00e9ro 2.URL https:\/\/www.costech.utc.fr\/CahiersCostech\/spip.php?article66<\/p>\n","protected":false},"author":1,"featured_media":0,"parent":0,"menu_order":0,"comment_status":"closed","ping_status":"closed","template":"","meta":{"footnotes":""},"class_list":["post-396","page","type-page","status-publish","hentry"],"_links":{"self":[{"href":"https:\/\/charleslenay.com\/index.php\/wp-json\/wp\/v2\/pages\/396","targetHints":{"allow":["GET"]}}],"collection":[{"href":"https:\/\/charleslenay.com\/index.php\/wp-json\/wp\/v2\/pages"}],"about":[{"href":"https:\/\/charleslenay.com\/index.php\/wp-json\/wp\/v2\/types\/page"}],"author":[{"embeddable":true,"href":"https:\/\/charleslenay.com\/index.php\/wp-json\/wp\/v2\/users\/1"}],"replies":[{"embeddable":true,"href":"https:\/\/charleslenay.com\/index.php\/wp-json\/wp\/v2\/comments?post=396"}],"version-history":[{"count":1,"href":"https:\/\/charleslenay.com\/index.php\/wp-json\/wp\/v2\/pages\/396\/revisions"}],"predecessor-version":[{"id":398,"href":"https:\/\/charleslenay.com\/index.php\/wp-json\/wp\/v2\/pages\/396\/revisions\/398"}],"wp:attachment":[{"href":"https:\/\/charleslenay.com\/index.php\/wp-json\/wp\/v2\/media?parent=396"}],"curies":[{"name":"wp","href":"https:\/\/api.w.org\/{rel}","templated":true}]}}