{"id":390,"date":"2025-11-13T19:48:47","date_gmt":"2025-11-13T18:48:47","guid":{"rendered":"https:\/\/charleslenay.com\/?page_id=390"},"modified":"2025-11-13T19:48:47","modified_gmt":"2025-11-13T18:48:47","slug":"organisation-emergente-dans-les-populations-biologie-ethologie-systemes-artificiels","status":"publish","type":"page","link":"https:\/\/charleslenay.com\/index.php\/organisation-emergente-dans-les-populations-biologie-ethologie-systemes-artificiels\/","title":{"rendered":"Organisation \u00e9mergente dans les populations biologie, \u00e9thologie, syst\u00e8mes artificiels"},"content":{"rendered":"\n<div data-wp-interactive=\"core\/file\" class=\"wp-block-file\"><object data-wp-bind--hidden=\"!state.hasPdfPreview\" hidden class=\"wp-block-file__embed\" data=\"https:\/\/charleslenay.com\/wp-content\/uploads\/2025\/11\/1994-Organisation-emergente-dans-les-populations-biologie-ethologie-systemes-artificiels-1.pdf\" type=\"application\/pdf\" style=\"width:100%;height:600px\" aria-label=\"Contenu embarqu\u00e9 1994-Organisation \u00e9mergente dans les populations biologie, \u00e9thologie, syst\u00e8mes artificiels.\"><\/object><a id=\"wp-block-file--media-a46ce429-50e6-4754-8735-3ca3fe0cb844\" href=\"https:\/\/charleslenay.com\/wp-content\/uploads\/2025\/11\/1994-Organisation-emergente-dans-les-populations-biologie-ethologie-systemes-artificiels-1.pdf\">1994-Organisation \u00e9mergente dans les populations biologie, \u00e9thologie, syst\u00e8mes artificiels<\/a><a href=\"https:\/\/charleslenay.com\/wp-content\/uploads\/2025\/11\/1994-Organisation-emergente-dans-les-populations-biologie-ethologie-systemes-artificiels-1.pdf\" class=\"wp-block-file__button wp-element-button\" download aria-describedby=\"wp-block-file--media-a46ce429-50e6-4754-8735-3ca3fe0cb844\">T\u00e9l\u00e9charger<\/a><\/div>\n","protected":false},"excerpt":{"rendered":"","protected":false},"author":1,"featured_media":0,"parent":0,"menu_order":0,"comment_status":"closed","ping_status":"closed","template":"","meta":{"footnotes":""},"class_list":["post-390","page","type-page","status-publish","hentry"],"_links":{"self":[{"href":"https:\/\/charleslenay.com\/index.php\/wp-json\/wp\/v2\/pages\/390","targetHints":{"allow":["GET"]}}],"collection":[{"href":"https:\/\/charleslenay.com\/index.php\/wp-json\/wp\/v2\/pages"}],"about":[{"href":"https:\/\/charleslenay.com\/index.php\/wp-json\/wp\/v2\/types\/page"}],"author":[{"embeddable":true,"href":"https:\/\/charleslenay.com\/index.php\/wp-json\/wp\/v2\/users\/1"}],"replies":[{"embeddable":true,"href":"https:\/\/charleslenay.com\/index.php\/wp-json\/wp\/v2\/comments?post=390"}],"version-history":[{"count":1,"href":"https:\/\/charleslenay.com\/index.php\/wp-json\/wp\/v2\/pages\/390\/revisions"}],"predecessor-version":[{"id":393,"href":"https:\/\/charleslenay.com\/index.php\/wp-json\/wp\/v2\/pages\/390\/revisions\/393"}],"wp:attachment":[{"href":"https:\/\/charleslenay.com\/index.php\/wp-json\/wp\/v2\/media?parent=390"}],"curies":[{"name":"wp","href":"https:\/\/api.w.org\/{rel}","templated":true}]}}