{"id":387,"date":"2025-11-13T19:43:24","date_gmt":"2025-11-13T18:43:24","guid":{"rendered":"https:\/\/charleslenay.com\/?page_id=387"},"modified":"2025-11-13T19:43:24","modified_gmt":"2025-11-13T18:43:24","slug":"emergence-et-sma","status":"publish","type":"page","link":"https:\/\/charleslenay.com\/index.php\/emergence-et-sma\/","title":{"rendered":"Emergence et SMA"},"content":{"rendered":"\n<div data-wp-interactive=\"core\/file\" class=\"wp-block-file\"><object data-wp-bind--hidden=\"!state.hasPdfPreview\" hidden class=\"wp-block-file__embed\" data=\"https:\/\/charleslenay.com\/wp-content\/uploads\/2025\/11\/1997-Emergence-et-SMA.pdf\" type=\"application\/pdf\" style=\"width:100%;height:600px\" aria-label=\"Contenu embarqu\u00e9 1997-Emergence et SMA.\"><\/object><a id=\"wp-block-file--media-dbeb8370-4acd-45f7-a222-cb5b0d63825f\" href=\"https:\/\/charleslenay.com\/wp-content\/uploads\/2025\/11\/1997-Emergence-et-SMA.pdf\">1997-Emergence et SMA<\/a><a href=\"https:\/\/charleslenay.com\/wp-content\/uploads\/2025\/11\/1997-Emergence-et-SMA.pdf\" class=\"wp-block-file__button wp-element-button\" download aria-describedby=\"wp-block-file--media-dbeb8370-4acd-45f7-a222-cb5b0d63825f\">T\u00e9l\u00e9charger<\/a><\/div>\n\n\n\n<p>Jean, M. R., S. Pesty, E. Batard, C. Brassac, L. Del\u00e9pine, M. P Gleizes, P. Glize, C. <strong>Lenay<\/strong>. \u00ab\u00a0Emergence et SMA\u00a0\u00bb. In <em>Intelligence Artificielle Distribu\u00e9e et Syst\u00e8mes Multi-Agents<\/em>, Herm\u00e8s, 1997\u00a0: 323\u201141.<\/p>\n","protected":false},"excerpt":{"rendered":"<p>Jean, M. R., S. Pesty, E. Batard, C. Brassac, L. Del\u00e9pine, M. P Gleizes, P. Glize, C. Lenay. \u00ab\u00a0Emergence et SMA\u00a0\u00bb. In Intelligence Artificielle Distribu\u00e9e et Syst\u00e8mes Multi-Agents, Herm\u00e8s, 1997\u00a0: 323\u201141.<\/p>\n","protected":false},"author":1,"featured_media":0,"parent":0,"menu_order":0,"comment_status":"closed","ping_status":"closed","template":"","meta":{"footnotes":""},"class_list":["post-387","page","type-page","status-publish","hentry"],"_links":{"self":[{"href":"https:\/\/charleslenay.com\/index.php\/wp-json\/wp\/v2\/pages\/387","targetHints":{"allow":["GET"]}}],"collection":[{"href":"https:\/\/charleslenay.com\/index.php\/wp-json\/wp\/v2\/pages"}],"about":[{"href":"https:\/\/charleslenay.com\/index.php\/wp-json\/wp\/v2\/types\/page"}],"author":[{"embeddable":true,"href":"https:\/\/charleslenay.com\/index.php\/wp-json\/wp\/v2\/users\/1"}],"replies":[{"embeddable":true,"href":"https:\/\/charleslenay.com\/index.php\/wp-json\/wp\/v2\/comments?post=387"}],"version-history":[{"count":1,"href":"https:\/\/charleslenay.com\/index.php\/wp-json\/wp\/v2\/pages\/387\/revisions"}],"predecessor-version":[{"id":389,"href":"https:\/\/charleslenay.com\/index.php\/wp-json\/wp\/v2\/pages\/387\/revisions\/389"}],"wp:attachment":[{"href":"https:\/\/charleslenay.com\/index.php\/wp-json\/wp\/v2\/media?parent=387"}],"curies":[{"name":"wp","href":"https:\/\/api.w.org\/{rel}","templated":true}]}}