{"id":383,"date":"2025-11-13T19:40:23","date_gmt":"2025-11-13T18:40:23","guid":{"rendered":"https:\/\/charleslenay.com\/?page_id=383"},"modified":"2025-11-13T19:40:23","modified_gmt":"2025-11-13T18:40:23","slug":"intelligence-artificielle-distribuee-modele-ou-metaphore-des-phenomenes-sociaux","status":"publish","type":"page","link":"https:\/\/charleslenay.com\/index.php\/intelligence-artificielle-distribuee-modele-ou-metaphore-des-phenomenes-sociaux\/","title":{"rendered":"Intelligence Artificielle Distribu\u00e9e : Mod\u00e8le ou m\u00e9taphore des ph\u00e9nom\u00e8nes sociaux"},"content":{"rendered":"\n<div data-wp-interactive=\"core\/file\" class=\"wp-block-file\"><object data-wp-bind--hidden=\"!state.hasPdfPreview\" hidden class=\"wp-block-file__embed\" data=\"https:\/\/charleslenay.com\/wp-content\/uploads\/2025\/11\/1994-Intelligence-Artificielle-Distribuee.pdf\" type=\"application\/pdf\" style=\"width:100%;height:600px\" aria-label=\"Contenu embarqu\u00e9 1994-Intelligence Artificielle Distribu\u00e9e.\"><\/object><a id=\"wp-block-file--media-e41fc9f2-103b-407f-8ae6-a3d545029cc2\" href=\"https:\/\/charleslenay.com\/wp-content\/uploads\/2025\/11\/1994-Intelligence-Artificielle-Distribuee.pdf\">1994-Intelligence Artificielle Distribu\u00e9e<\/a><a href=\"https:\/\/charleslenay.com\/wp-content\/uploads\/2025\/11\/1994-Intelligence-Artificielle-Distribuee.pdf\" class=\"wp-block-file__button wp-element-button\" download aria-describedby=\"wp-block-file--media-e41fc9f2-103b-407f-8ae6-a3d545029cc2\">T\u00e9l\u00e9charger<\/a><\/div>\n","protected":false},"excerpt":{"rendered":"","protected":false},"author":1,"featured_media":0,"parent":0,"menu_order":0,"comment_status":"closed","ping_status":"closed","template":"","meta":{"footnotes":""},"class_list":["post-383","page","type-page","status-publish","hentry"],"_links":{"self":[{"href":"https:\/\/charleslenay.com\/index.php\/wp-json\/wp\/v2\/pages\/383","targetHints":{"allow":["GET"]}}],"collection":[{"href":"https:\/\/charleslenay.com\/index.php\/wp-json\/wp\/v2\/pages"}],"about":[{"href":"https:\/\/charleslenay.com\/index.php\/wp-json\/wp\/v2\/types\/page"}],"author":[{"embeddable":true,"href":"https:\/\/charleslenay.com\/index.php\/wp-json\/wp\/v2\/users\/1"}],"replies":[{"embeddable":true,"href":"https:\/\/charleslenay.com\/index.php\/wp-json\/wp\/v2\/comments?post=383"}],"version-history":[{"count":1,"href":"https:\/\/charleslenay.com\/index.php\/wp-json\/wp\/v2\/pages\/383\/revisions"}],"predecessor-version":[{"id":386,"href":"https:\/\/charleslenay.com\/index.php\/wp-json\/wp\/v2\/pages\/383\/revisions\/386"}],"wp:attachment":[{"href":"https:\/\/charleslenay.com\/index.php\/wp-json\/wp\/v2\/media?parent=383"}],"curies":[{"name":"wp","href":"https:\/\/api.w.org\/{rel}","templated":true}]}}