{"id":373,"date":"2025-11-13T19:49:37","date_gmt":"2025-11-13T18:49:37","guid":{"rendered":"https:\/\/charleslenay.com\/?page_id=373"},"modified":"2026-04-14T16:11:05","modified_gmt":"2026-04-14T14:11:05","slug":"organisations-sociales-systemes-multi-agents","status":"publish","type":"page","link":"https:\/\/charleslenay.com\/index.php\/organisations-sociales-systemes-multi-agents\/","title":{"rendered":"Organisations sociales \u2013 Syst\u00e8mes Multi-Agents"},"content":{"rendered":"\n<p><\/p>\n\n\n\n<p>1989 &#8211; <a href=\"https:\/\/charleslenay.com\/index.php\/the-poietic-generator-interactive-telecommunication-artwork\/\"><strong>Lenay<\/strong>, C., et L. Loty. \u00ab The Po\u00efetic Generator \u00bb. <em>Whole Earth Review<\/em>, 1989, 108-9<\/a><\/p>\n\n\n\n<p>1994 &#8211; <a href=\"https:\/\/charleslenay.com\/index.php\/intelligence-artificielle-distribuee-modele-ou-metaphore-des-phenomenes-sociaux\/\"><strong>Lenay<\/strong>, C. <em>Intelligence artificielle distribu\u00e9e\u202f: Mod\u00e8le ou m\u00e9taphore des ph\u00e9nom\u00e8nes Sociaux<\/em>. Dunod. Vol. 8. Revue Internationale de Syst\u00e9mique, AFCET 1. Paris, 1994<\/a><\/p>\n\n\n\n<p>1994 &#8211;\u00a0<a href=\"https:\/\/charleslenay.com\/index.php\/organisation-emergente-dans-les-populations-biologie-ethologie-systemes-artificiels\/\"><strong>Lenay<\/strong>, C., \u00e9d, intro. <em>Organisation \u00e9mergente dans les populations\u202f: biologie, \u00e9thologie, syst\u00e8mes artificiels<\/em>. Vol. 2. Intellectica 19. Paris, 1994<\/a>.<\/p>\n\n\n\n<p>1997 &#8211; <a href=\"https:\/\/charleslenay.com\/index.php\/emergence-et-sma\/\">Jean, M. R., S. Pesty, E. Batard, C. <strong>Lenay<\/strong> et al. \u00ab\u00a0Emergence et SMA\u00a0\u00bb. <em>Intelligence Artificielle Distribu\u00e9e et Syst\u00e8mes Multi-Agents<\/em>, 1997, 323\u201141<\/a><\/p>\n\n\n\n<p>2018 &#8211; <a href=\"https:\/\/charleslenay.com\/index.php\/causalite-circulaire-dans-les-systemes-de-systemes\/\"><strong>Lenay<\/strong>, C. \u00ab\u00a0Causalit\u00e9 circulaire dans les syst\u00e8mes de syst\u00e8mes\u00a0\u00bb. <em>Cahiers COSTECH<\/em>, n<sup>o<\/sup> 2 (2018)<\/a><\/p>\n\n\n\n<p><\/p>\n","protected":false},"excerpt":{"rendered":"<p>1989 &#8211; Lenay, C., et L. Loty. \u00ab The Po\u00efetic Generator \u00bb. Whole Earth Review, 1989, 108-9 1994 &#8211; Lenay, C. Intelligence artificielle distribu\u00e9e\u202f: Mod\u00e8le ou m\u00e9taphore des ph\u00e9nom\u00e8nes Sociaux. Dunod. Vol. 8. Revue Internationale de Syst\u00e9mique, AFCET 1. Paris, 1994 1994 &#8211;\u00a0Lenay, C., \u00e9d, intro. Organisation \u00e9mergente dans les populations\u202f: biologie, \u00e9thologie, syst\u00e8mes artificiels. [&hellip;]<\/p>\n","protected":false},"author":1,"featured_media":0,"parent":0,"menu_order":0,"comment_status":"closed","ping_status":"closed","template":"","meta":{"footnotes":""},"class_list":["post-373","page","type-page","status-publish","hentry"],"_links":{"self":[{"href":"https:\/\/charleslenay.com\/index.php\/wp-json\/wp\/v2\/pages\/373","targetHints":{"allow":["GET"]}}],"collection":[{"href":"https:\/\/charleslenay.com\/index.php\/wp-json\/wp\/v2\/pages"}],"about":[{"href":"https:\/\/charleslenay.com\/index.php\/wp-json\/wp\/v2\/types\/page"}],"author":[{"embeddable":true,"href":"https:\/\/charleslenay.com\/index.php\/wp-json\/wp\/v2\/users\/1"}],"replies":[{"embeddable":true,"href":"https:\/\/charleslenay.com\/index.php\/wp-json\/wp\/v2\/comments?post=373"}],"version-history":[{"count":4,"href":"https:\/\/charleslenay.com\/index.php\/wp-json\/wp\/v2\/pages\/373\/revisions"}],"predecessor-version":[{"id":770,"href":"https:\/\/charleslenay.com\/index.php\/wp-json\/wp\/v2\/pages\/373\/revisions\/770"}],"wp:attachment":[{"href":"https:\/\/charleslenay.com\/index.php\/wp-json\/wp\/v2\/media?parent=373"}],"curies":[{"name":"wp","href":"https:\/\/api.w.org\/{rel}","templated":true}]}}