{"id":366,"date":"2025-11-13T01:29:12","date_gmt":"2025-11-13T00:29:12","guid":{"rendered":"https:\/\/charleslenay.com\/?page_id=366"},"modified":"2025-11-13T01:29:12","modified_gmt":"2025-11-13T00:29:12","slug":"mediations-techniques-et-sentiment-de-presence-effets-des-delais-temporels-sur-le-croisement-perceptif","status":"publish","type":"page","link":"https:\/\/charleslenay.com\/index.php\/mediations-techniques-et-sentiment-de-presence-effets-des-delais-temporels-sur-le-croisement-perceptif\/","title":{"rendered":"M\u00e9diations techniques et sentiment de pr\u00e9sence : effets des d\u00e9lais temporels sur le croisement perceptif"},"content":{"rendered":"\n<div data-wp-interactive=\"core\/file\" class=\"wp-block-file\"><object data-wp-bind--hidden=\"!state.hasPdfPreview\" hidden class=\"wp-block-file__embed\" data=\"https:\/\/charleslenay.com\/wp-content\/uploads\/2025\/11\/2018-Mediations-techniques-et-sentiment-de-presence-effets-des-delais-temporels.pdf\" type=\"application\/pdf\" style=\"width:100%;height:600px\" aria-label=\"Contenu embarqu\u00e9 2018-M\u00e9diations techniques et sentiment de pr\u00e9sence  effets des d\u00e9lais temporels.\"><\/object><a id=\"wp-block-file--media-15dd4b2c-34d3-4bba-a550-03414776a240\" href=\"https:\/\/charleslenay.com\/wp-content\/uploads\/2025\/11\/2018-Mediations-techniques-et-sentiment-de-presence-effets-des-delais-temporels.pdf\">2018-M\u00e9diations techniques et sentiment de pr\u00e9sence  effets des d\u00e9lais temporels<\/a><a href=\"https:\/\/charleslenay.com\/wp-content\/uploads\/2025\/11\/2018-Mediations-techniques-et-sentiment-de-presence-effets-des-delais-temporels.pdf\" class=\"wp-block-file__button wp-element-button\" download aria-describedby=\"wp-block-file--media-15dd4b2c-34d3-4bba-a550-03414776a240\">T\u00e9l\u00e9charger<\/a><\/div>\n","protected":false},"excerpt":{"rendered":"","protected":false},"author":1,"featured_media":0,"parent":0,"menu_order":0,"comment_status":"closed","ping_status":"closed","template":"","meta":{"footnotes":""},"class_list":["post-366","page","type-page","status-publish","hentry"],"_links":{"self":[{"href":"https:\/\/charleslenay.com\/index.php\/wp-json\/wp\/v2\/pages\/366","targetHints":{"allow":["GET"]}}],"collection":[{"href":"https:\/\/charleslenay.com\/index.php\/wp-json\/wp\/v2\/pages"}],"about":[{"href":"https:\/\/charleslenay.com\/index.php\/wp-json\/wp\/v2\/types\/page"}],"author":[{"embeddable":true,"href":"https:\/\/charleslenay.com\/index.php\/wp-json\/wp\/v2\/users\/1"}],"replies":[{"embeddable":true,"href":"https:\/\/charleslenay.com\/index.php\/wp-json\/wp\/v2\/comments?post=366"}],"version-history":[{"count":1,"href":"https:\/\/charleslenay.com\/index.php\/wp-json\/wp\/v2\/pages\/366\/revisions"}],"predecessor-version":[{"id":368,"href":"https:\/\/charleslenay.com\/index.php\/wp-json\/wp\/v2\/pages\/366\/revisions\/368"}],"wp:attachment":[{"href":"https:\/\/charleslenay.com\/index.php\/wp-json\/wp\/v2\/media?parent=366"}],"curies":[{"name":"wp","href":"https:\/\/api.w.org\/{rel}","templated":true}]}}