{"id":353,"date":"2025-11-13T01:23:02","date_gmt":"2025-11-13T00:23:02","guid":{"rendered":"https:\/\/charleslenay.com\/?page_id=353"},"modified":"2025-11-13T01:23:02","modified_gmt":"2025-11-13T00:23:02","slug":"la-constitution-de-lexperience-dautrui-approche-phenomenologique-et-experimentale","status":"publish","type":"page","link":"https:\/\/charleslenay.com\/index.php\/la-constitution-de-lexperience-dautrui-approche-phenomenologique-et-experimentale\/","title":{"rendered":"La constitution de l\u2019exp\u00e9rience d\u2019autrui : approche ph\u00e9nom\u00e9nologique et exp\u00e9rimentale"},"content":{"rendered":"\n<div data-wp-interactive=\"core\/file\" class=\"wp-block-file\"><object data-wp-bind--hidden=\"!state.hasPdfPreview\" hidden class=\"wp-block-file__embed\" data=\"https:\/\/charleslenay.com\/wp-content\/uploads\/2025\/11\/2015-La-constitution-de-lexperience-dautrui_Lenay_Sebbah.pdf\" type=\"application\/pdf\" style=\"width:100%;height:600px\" aria-label=\"Contenu embarqu\u00e9 2015-La constitution de l\u2019exp\u00e9rience d\u2019autrui_Lenay_Sebbah.\"><\/object><a id=\"wp-block-file--media-bd75b703-1d50-432f-b8a6-1bddb8c9b97b\" href=\"https:\/\/charleslenay.com\/wp-content\/uploads\/2025\/11\/2015-La-constitution-de-lexperience-dautrui_Lenay_Sebbah.pdf\">2015-La constitution de l\u2019exp\u00e9rience d\u2019autrui_Lenay_Sebbah<\/a><a href=\"https:\/\/charleslenay.com\/wp-content\/uploads\/2025\/11\/2015-La-constitution-de-lexperience-dautrui_Lenay_Sebbah.pdf\" class=\"wp-block-file__button wp-element-button\" download aria-describedby=\"wp-block-file--media-bd75b703-1d50-432f-b8a6-1bddb8c9b97b\">T\u00e9l\u00e9charger<\/a><\/div>\n","protected":false},"excerpt":{"rendered":"","protected":false},"author":1,"featured_media":0,"parent":0,"menu_order":0,"comment_status":"closed","ping_status":"closed","template":"","meta":{"footnotes":""},"class_list":["post-353","page","type-page","status-publish","hentry"],"_links":{"self":[{"href":"https:\/\/charleslenay.com\/index.php\/wp-json\/wp\/v2\/pages\/353","targetHints":{"allow":["GET"]}}],"collection":[{"href":"https:\/\/charleslenay.com\/index.php\/wp-json\/wp\/v2\/pages"}],"about":[{"href":"https:\/\/charleslenay.com\/index.php\/wp-json\/wp\/v2\/types\/page"}],"author":[{"embeddable":true,"href":"https:\/\/charleslenay.com\/index.php\/wp-json\/wp\/v2\/users\/1"}],"replies":[{"embeddable":true,"href":"https:\/\/charleslenay.com\/index.php\/wp-json\/wp\/v2\/comments?post=353"}],"version-history":[{"count":1,"href":"https:\/\/charleslenay.com\/index.php\/wp-json\/wp\/v2\/pages\/353\/revisions"}],"predecessor-version":[{"id":356,"href":"https:\/\/charleslenay.com\/index.php\/wp-json\/wp\/v2\/pages\/353\/revisions\/356"}],"wp:attachment":[{"href":"https:\/\/charleslenay.com\/index.php\/wp-json\/wp\/v2\/media?parent=353"}],"curies":[{"name":"wp","href":"https:\/\/api.w.org\/{rel}","templated":true}]}}