{"id":33,"date":"2025-10-30T16:29:33","date_gmt":"2025-10-30T15:29:33","guid":{"rendered":"https:\/\/charleslenay.com\/?page_id=33"},"modified":"2026-01-25T12:23:19","modified_gmt":"2026-01-25T11:23:19","slug":"la-question-du-possible","status":"publish","type":"page","link":"https:\/\/charleslenay.com\/index.php\/la-question-du-possible\/","title":{"rendered":"La question du possible : Vie, Cognition et Technique"},"content":{"rendered":"\n<pre class=\"wp-block-preformatted\"><br><span class=\"has-superb-addons-text-align-justify\">Comment est-il possible qu\u2019il y ait du possible dans le monde ? C\u2019est l\u2019\u00e9tonnement originaire qui anime mes diverses recherches. Une chose \u00e9tait possible. Elle est advenue. Mais d\u2019autres choses auraient-elles pu advenir\u00a0? Quelle est le statut de la multiplicit\u00e9 de diff\u00e9rents possibles exclusifs les uns des autres et qui pourtant pourraient tous advenir ? C\u2019est une question ontologique : le possible existe-t-il et si oui, quel est ce mode d\u2019existence de ce qui n\u2019est pas actuel, de ce qui n\u2019est pas r\u00e9alis\u00e9 mais seulement potentiel. Et si l'on pose que le possible n\u2019existe que pour nous et pas dans la nature, c\u2019est alors une question \u00e9pist\u00e9mologique : le possible comme mesure de notre ignorance.<\/span><br><br><span class=\"has-superb-addons-text-align-justify\">Mais, m\u00eame s\u2019il n\u2019existe pas de possible dans l\u2019ordre des choses naturelles, il reste que nous faisons l\u2019exp\u00e9rience du possible. Nous percevons, agissons, attendons, d\u00e9cidons, recherchons dans des champs de possibles (o\u00f9 sont mes cl\u00e9s ? Dans la poche de mon manteau ? Oubli\u00e9es au bureau ? Ou bien vol\u00e9es ?). Dans ce cas la question du possible est une question ph\u00e9nom\u00e9nologique : d\u00e9crire et comprendre l\u2019exp\u00e9rience du possible et sa place fondamentale dans la structure de la conscience. Par exemple, est-il possible d\u2019avoir conscience de quelque chose sans pouvoir imm\u00e9diatement penser sa n\u00e9gation possible ? Peut-on penser la libert\u00e9, la responsabilit\u00e9 sans admettre en m\u00eame temps un champ d\u2019actions possibles. C\u2019est l\u00e0 une question fondamentale de philosophie morale.<br><br><a href=\"https:\/\/charleslenay.com\/index.php\/la-question-du-possible-est-aussi-ancienne-que-la-philosophie-elle-meme\/\" data-type=\"page\" data-id=\"488\">Ces questions sont aussi anciennes que la philosophie elle-m\u00eame<\/a>. Doivent-elles alors \u00eatre r\u00e9serv\u00e9es \u00e0 une r\u00e9flexion abstraite la plus fondamentale, ant\u00e9rieure \u00e0 toute science? Et en effet, toute recherche scientifique n'est concevable que si l'on dispose d\u00e9j\u00e0 de la capacit\u00e9 de penser le possible (ne serait-ce que le champ de possibles des observables d\u2019une recherche empirique). Je prends cette objection au s\u00e9rieux et pourtant je ne renonce pas \u00e0 l'ambition d'une recherche sur la naturalisation du possible. En fait maintenir cette tension peut se retourner positivement comme un guide pour la recherche.<br><br>L'essentiel de mon travail est de proposer des sch\u00e8mes explicatifs nouveaux permettant de comprendre le possible comme exp\u00e9rience subjective et comme ph\u00e9nom\u00e8ne objectif, m\u00eame si cela demande de renouveler quelque peu le sens de l'objectivit\u00e9.<br><br>Mon premier chantier est de comprendre le r\u00f4le et le sens de la question du possible dans <a href=\"https:\/\/charleslenay.com\/index.php\/histoire-des-sciences-biologiques\/\" data-type=\"page\" data-id=\"50\">l\u2019\u00e9tude du monde vivant<\/a>. Pour cela ma d\u00e9marche est historique. J'analyse la fa\u00e7on dont les naturalistes et scientifiques ont pens\u00e9, depuis les connaissances de leur \u00e9poque, les possibles et singuli\u00e8rement le hasard dans leurs th\u00e9ories du vivant (\u00e9volution, h\u00e9r\u00e9dit\u00e9, ontogen\u00e8se), ceci depuis Darwin jusqu\u2019\u00e0 la biologie contemporaine.<br><br>Mon second chantier est de comprendre comment <a href=\"https:\/\/charleslenay.com\/index.php\/philosophie-des-techniques\/\" data-type=\"page\" data-id=\"102\">les techniques<\/a> renouvellent sans cesse et de multiples fa\u00e7ons les champs de possibles de l\u2019exp\u00e9rience humaine. Cela me permet de conduire en m\u00eame temps une recherche fondamentale en <a href=\"https:\/\/charleslenay.com\/index.php\/sciences-cognitives\/\" data-type=\"page\" data-id=\"27\">sciences cognitives<\/a> sur la perception (<a href=\"https:\/\/charleslenay.com\/index.php\/espace-de-perception-visual-glove-2\/\" data-type=\"page\" data-id=\"224\">localisation spatiale<\/a> et <a href=\"https:\/\/charleslenay.com\/index.php\/reconnaissance-de-formes-tactos\/\" data-type=\"page\" data-id=\"264\">reconnaissance de formes<\/a>) et sur la constitution de l\u2019<a href=\"https:\/\/charleslenay.com\/index.php\/ouverture-des-possibles-biais-dinteraction\/\" data-type=\"page\" data-id=\"415\">exp\u00e9rience du possible<\/a>. <br><br>Au long de ces travaux, j\u2019associe recherche scientifique (th\u00e9orique et exp\u00e9rimentale) et <a href=\"https:\/\/charleslenay.com\/index.php\/philosophie-des-techniques\/\" data-type=\"page\" data-id=\"102\">critique philosophique<\/a> (\u00e9pist\u00e9mologique et ph\u00e9nom\u00e9nologique). Les sch\u00e8mes explicatifs que j\u2019ai d\u00e9gag\u00e9s me servent alors aussi bien pour la compr\u00e9hension de la <a href=\"https:\/\/charleslenay.com\/index.php\/cognition-sociale-croisement-perceptif\/\" data-type=\"page\" data-id=\"310\">cognition sociale<\/a> (interactions interindividuelles) que pour une explication des <a href=\"https:\/\/charleslenay.com\/index.php\/organisations-sociales-systemes-multi-agents\/\" data-type=\"page\" data-id=\"373\">organisations collectives<\/a> et de la normativit\u00e9 sociale. <\/span><br>   <\/pre>\n\n\n\n<ul class=\"wp-block-list\">\n<li><a href=\"https:\/\/charleslenay.com\/index.php\/histoire-des-sciences-biologiques\/\" data-type=\"page\" data-id=\"50\">Histoire des Sciences Biologique<\/a>s<\/li>\n\n\n\n<li><a href=\"https:\/\/charleslenay.com\/index.php\/philosophie-des-techniques\/\" data-type=\"page\" data-id=\"102\">Philosophie des Techniques<\/a><\/li>\n\n\n\n<li><a href=\"https:\/\/charleslenay.com\/index.php\/sciences-cognitives\/\" data-type=\"page\" data-id=\"27\">Sciences et Technologies Cognitives<\/a><\/li>\n<\/ul>\n\n\n\n<p><\/p>\n","protected":false},"excerpt":{"rendered":"<p>Comment est-il possible qu\u2019il y ait du possible dans le monde ? C\u2019est l\u2019\u00e9tonnement originaire qui anime mes diverses recherches. Une chose \u00e9tait possible. Elle est advenue. Mais d\u2019autres choses auraient-elles pu advenir\u00a0? Quelle est le statut de la multiplicit\u00e9 de diff\u00e9rents possibles exclusifs les uns des autres et qui pourtant pourraient tous advenir ? [&hellip;]<\/p>\n","protected":false},"author":1,"featured_media":0,"parent":0,"menu_order":0,"comment_status":"closed","ping_status":"closed","template":"","meta":{"footnotes":""},"class_list":["post-33","page","type-page","status-publish","hentry"],"_links":{"self":[{"href":"https:\/\/charleslenay.com\/index.php\/wp-json\/wp\/v2\/pages\/33","targetHints":{"allow":["GET"]}}],"collection":[{"href":"https:\/\/charleslenay.com\/index.php\/wp-json\/wp\/v2\/pages"}],"about":[{"href":"https:\/\/charleslenay.com\/index.php\/wp-json\/wp\/v2\/types\/page"}],"author":[{"embeddable":true,"href":"https:\/\/charleslenay.com\/index.php\/wp-json\/wp\/v2\/users\/1"}],"replies":[{"embeddable":true,"href":"https:\/\/charleslenay.com\/index.php\/wp-json\/wp\/v2\/comments?post=33"}],"version-history":[{"count":20,"href":"https:\/\/charleslenay.com\/index.php\/wp-json\/wp\/v2\/pages\/33\/revisions"}],"predecessor-version":[{"id":748,"href":"https:\/\/charleslenay.com\/index.php\/wp-json\/wp\/v2\/pages\/33\/revisions\/748"}],"wp:attachment":[{"href":"https:\/\/charleslenay.com\/index.php\/wp-json\/wp\/v2\/media?parent=33"}],"curies":[{"name":"wp","href":"https:\/\/api.w.org\/{rel}","templated":true}]}}