{"id":310,"date":"2025-11-11T22:15:37","date_gmt":"2025-11-11T21:15:37","guid":{"rendered":"https:\/\/charleslenay.com\/?page_id=310"},"modified":"2026-04-14T17:10:47","modified_gmt":"2026-04-14T15:10:47","slug":"cognition-sociale-croisement-perceptif","status":"publish","type":"page","link":"https:\/\/charleslenay.com\/index.php\/cognition-sociale-croisement-perceptif\/","title":{"rendered":"Cognition sociale \u2013 Croisement perceptif"},"content":{"rendered":"\n<p><\/p>\n\n\n\n<p><\/p>\n\n\n\n<ul class=\"wp-block-list\">\n<li>2004 &#8211; <strong>Lenay<\/strong>, C. <a href=\"https:\/\/charleslenay.com\/index.php\/croisements-perceptifs-et-communautes-techniques\/\">\u00ab&nbsp;Croisements perceptifs et communaut\u00e9s techniques&nbsp;\u00bb. In <em>La lutte pour l\u2019organisation du sensible. Comment repenser l\u2019esth\u00e9tique ?<\/em> Colloque de Cerisy-la-Salle, (B. Stiegler et G. Collins Eds.), 26\/05 \u2013 02\/06\/2004<\/a><\/li>\n\n\n\n<li>2006 &#8211; <a href=\"https:\/\/charleslenay.com\/index.php\/perceptive-crossing-in-mediated-communication\/\"><strong>Lenay<\/strong>, C.\u201cPerceptive Crossings in mediated communication\u201d, In <em>Perceiving and Being Perceived in Digital Environments<\/em>, Cognitive Technologies Program, Fondation Maison des Sciences de l\u2019Homme, EDF R&amp;D, Association pour la Recherche Cognitive, Paris, June 12, 2006<\/a><\/li>\n\n\n\n<li>2006 &#8211; <a href=\"https:\/\/charleslenay.com\/index.php\/perception-of-an-intentional-subject-an-enactive-approach\/\"><strong>Lenay<\/strong>, C., M. Auvray, F. D. Sebbah, et J. Stewart. \u00ab\u00a0Perception of an intentional subject: An enactive approach\u00a0\u00bb. <em>3rd International Conference on Enactive Interfaces (Enactive \/06)<\/em> (Pisa, Italy), 2026<\/a><\/li>\n\n\n\n<li>2007 &#8211; <a href=\"https:\/\/charleslenay.com\/index.php\/designing-the-ground-for-pleasurable-experience\/\"><strong>Lenay<\/strong>, C., I. Thouvenin, A. Gu\u00e9nand, O. Gapenne, J. Stewart, et B. Maillet. \u00ab&nbsp;Designing the Ground for Pleasurable Experience&nbsp;\u00bb. <em>Proceedings of the 2007 Conference on Designing Pleasurable Products and Interfaces<\/em>, 22 ao\u00fbt 2007, 35\u201158<\/a><\/li>\n\n\n\n<li>2008 &#8211; <a href=\"https:\/\/charleslenay.com\/index.php\/designing-for-interpersonal-tactile-interaction-over-distance\/\">Maillet, B., C. <strong>Lenay<\/strong>, et . Guenand. \u00ab&nbsp;Designing for interpersonal tactile interaction over distance&nbsp;\u00bb. <em>HFT2008<\/em>, 2008, 391\u201198<\/a><\/li>\n\n\n\n<li>2009 &#8211; <a href=\"https:\/\/charleslenay.com\/index.php\/mediations-techniques-des-interactions-perceptives\/\"><strong>Lenay<\/strong>, C. \u00ab&nbsp;M\u00e9diations Techniques Des Interactions Perceptives: Rencontres Tactiles Dans Les Environnements Num\u00e9riques Partag\u00e9s&nbsp;\u00bb. <em>Social Science Information<\/em> 47, n<sup>o<\/sup> 3 (2008): 331\u201152<\/a><\/li>\n\n\n\n<li>2009 &#8211;<a href=\"https:\/\/charleslenay.com\/index.php\/perceptual-interactions-in-a-minimalist-virtual-environment\/\" data-type=\"page\" data-id=\"341\"><\/a> <a href=\"https:\/\/charleslenay.com\/index.php\/perceptual-interactions-in-a-minimalist-virtual-environment\/\">Auvray, M., C. <strong>Lenay<\/strong>, et J. Stewart. \u00ab\u00a0Perceptual interactions in a minimalist virtual environment\u00a0\u00bb. <em>New ideas in psychology<\/em> 27, n<sup>o<\/sup> 1 (2009): 32\u201147<\/a><\/li>\n\n\n\n<li>2011 &#8211; <a href=\"https:\/\/charleslenay.com\/index.php\/you-never-fail-to-surprise-me-the-hallmark-of-the-other\/\"><strong>Lenay<\/strong>, C., J. Stewart, M. Rohde, et A. A. Amar. \u00ab&nbsp;You never fail to surprise me: the hallmark of the Other: Experimental study and simulations of perceptual crossing&nbsp;\u00bb. <em>Interaction Studies<\/em> 12, n<sup>o<\/sup> 3 (2011): 373\u201196<\/a><\/li>\n\n\n\n<li>2012 &#8211; <a href=\"https:\/\/charleslenay.com\/index.php\/imitation-by-social-interaction-analysis-of-a-minimal-agent-based-model-of-the-correspondence-problem\/\">Froese, T., C. <strong>Lenay<\/strong>, et T. Ikegami. \u00ab&nbsp;Imitation by social interaction? Analysis of a minimal agent-based model of the correspondence problem&nbsp;\u00bb. <em>Front. Hum. Neurosci<\/em> 6 (2012): 202<\/a><\/li>\n\n\n\n<li>2012 &#8211; <a href=\"https:\/\/charleslenay.com\/index.php\/touch-through-experiencing-remote-touch-across-different-modalities\/\">Le Bihan, G., C. <strong>Lenay<\/strong>, M. Tixier, et J. Mara. \u00ab&nbsp;Touch Through: Experiencing Remote Touch Across Different Modalities&nbsp;\u00bb. <em>CHI\u201913 Extended Abstracts<\/em> (Paris), 27 avril 2013, 1629\u201134<\/a><\/li>\n\n\n\n<li>2015 &#8211; <a href=\"https:\/\/charleslenay.com\/index.php\/la-constitution-de-lexperience-dautrui-approche-phenomenologique-et-experimentale\/\"><strong>Lenay<\/strong>, C., et F. D. Sebbah. \u00ab&nbsp;La constitution de l\u2019exp\u00e9rience d\u2019autrui: approche ph\u00e9nom\u00e9nologique et exp\u00e9rimentale&nbsp;\u00bb. In <em>La naturalisation de la ph\u00e9nom\u00e9nologie 20 ans apr\u00e8s<\/em>. Les Cahiers philosophiques de Strasbourg 38. 2015<\/a><\/li>\n\n\n\n<li>2016 &#8211; <a href=\"https:\/\/charleslenay.com\/index.php\/joint-perception-of-a-shared-object-a-minimalist-perceptual-crossing-experiment\/\">Deschamps, L., C. <strong>Lenay<\/strong>, K. Rovira, G. Le Bihan, et D. Aubert. \u00ab&nbsp;Joint Perception of a Shared Object: A Minimalist Perceptual Crossing Experiment&nbsp;\u00bb. <em>Frontiers in psychology<\/em> 7 (2016)<\/a><\/li>\n\n\n\n<li>2017 &#8211; <a href=\"https:\/\/charleslenay.com\/index.php\/lengagement-mutuel-comme-condition-de-succes-dun-test-de-turing-non-verbal\/\">Deschamps, L., C. <strong>Lenay<\/strong>, K. Rovira, et D. Aubert. \u00ab&nbsp;L\u2019engagement mutuel comme condition de succ\u00e8s d\u2019un test de Turing non-verbal. une exp\u00e9rience de croisement perceptif minimaliste&nbsp;\u00bb. <em>Cahiers COSTECH<\/em>, n<sup>o<\/sup> 1 (juillet 2017)<\/a><\/li>\n\n\n\n<li>2017 &#8211; <a href=\"https:\/\/charleslenay.com\/index.php\/explanatory-schemes-for-social-cognition-a-minimalist-interaction-based-approach\/\"><strong>Lenay<\/strong>, C. \u00ab&nbsp;Explanatory schemes for social cognition \u2013 A minimaliste interaction-based approach&nbsp;\u00bb. <em>Pragmatism Today<\/em> 8, n<sup>o<\/sup> 1 (2017): 63\u201186<\/a><\/li>\n\n\n\n<li>2018 &#8211; <a href=\"https:\/\/charleslenay.com\/index.php\/mediations-techniques-et-sentiment-de-presence-effets-des-delais-temporels-sur-le-croisement-perceptif\/\">Garibaldi, G., G. Declerck, C. <strong>Lenay<\/strong>, et Aubert D. \u00ab&nbsp;M\u00e9diations techniques et sentiment de pr\u00e9sence: effets des d\u00e9lais temporels sur le croisement perceptif&nbsp;\u00bb. <em>Interfaces num\u00e9riques<\/em> 7, n<sup>o<\/sup> 1 (2018): 56\u201176<\/a><\/li>\n<\/ul>\n\n\n\n<p><\/p>\n","protected":false},"excerpt":{"rendered":"","protected":false},"author":1,"featured_media":0,"parent":0,"menu_order":0,"comment_status":"closed","ping_status":"closed","template":"","meta":{"footnotes":""},"class_list":["post-310","page","type-page","status-publish","hentry"],"_links":{"self":[{"href":"https:\/\/charleslenay.com\/index.php\/wp-json\/wp\/v2\/pages\/310","targetHints":{"allow":["GET"]}}],"collection":[{"href":"https:\/\/charleslenay.com\/index.php\/wp-json\/wp\/v2\/pages"}],"about":[{"href":"https:\/\/charleslenay.com\/index.php\/wp-json\/wp\/v2\/types\/page"}],"author":[{"embeddable":true,"href":"https:\/\/charleslenay.com\/index.php\/wp-json\/wp\/v2\/users\/1"}],"replies":[{"embeddable":true,"href":"https:\/\/charleslenay.com\/index.php\/wp-json\/wp\/v2\/comments?post=310"}],"version-history":[{"count":9,"href":"https:\/\/charleslenay.com\/index.php\/wp-json\/wp\/v2\/pages\/310\/revisions"}],"predecessor-version":[{"id":779,"href":"https:\/\/charleslenay.com\/index.php\/wp-json\/wp\/v2\/pages\/310\/revisions\/779"}],"wp:attachment":[{"href":"https:\/\/charleslenay.com\/index.php\/wp-json\/wp\/v2\/media?parent=310"}],"curies":[{"name":"wp","href":"https:\/\/api.w.org\/{rel}","templated":true}]}}