{"id":268,"date":"2025-11-11T03:06:33","date_gmt":"2025-11-11T02:06:33","guid":{"rendered":"https:\/\/charleslenay.com\/?page_id=268"},"modified":"2025-11-11T03:06:33","modified_gmt":"2025-11-11T02:06:33","slug":"perception-et-couplage-sensori-moteur","status":"publish","type":"page","link":"https:\/\/charleslenay.com\/index.php\/perception-et-couplage-sensori-moteur\/","title":{"rendered":"Perception et couplage sensori-moteur"},"content":{"rendered":"\n<div data-wp-interactive=\"core\/file\" class=\"wp-block-file\"><object data-wp-bind--hidden=\"!state.hasPdfPreview\" hidden class=\"wp-block-file__embed\" data=\"https:\/\/charleslenay.com\/wp-content\/uploads\/2025\/11\/1999-Perception-et-couplage-sensori-moteur.pdf\" type=\"application\/pdf\" style=\"width:100%;height:600px\" aria-label=\"Contenu embarqu\u00e9 1999-Perception et couplage sensori-moteur.\"><\/object><a id=\"wp-block-file--media-ef411b03-43a8-49c2-87e3-f50987c1b146\" href=\"https:\/\/charleslenay.com\/wp-content\/uploads\/2025\/11\/1999-Perception-et-couplage-sensori-moteur.pdf\">1999-Perception et couplage sensori-moteur<\/a><a href=\"https:\/\/charleslenay.com\/wp-content\/uploads\/2025\/11\/1999-Perception-et-couplage-sensori-moteur.pdf\" class=\"wp-block-file__button wp-element-button\" download aria-describedby=\"wp-block-file--media-ef411b03-43a8-49c2-87e3-f50987c1b146\">T\u00e9l\u00e9charger<\/a><\/div>\n\n\n\n<p><strong>Lenay<\/strong>, C., O. Gapenne, S. Hanneton, et J. Stewart. \u00ab\u00a0Perception et couplage sensori-moteur\u202f: exp\u00e9riences et discussion \u00e9pist\u00e9mologique\u00a0\u00bb. In <em>Intelligence Artificielle Situ\u00e9e 99<\/em>, A.Drogoul et J.A.Meyer (Eds.), Paris: Herm\u00e8s, 1999: 71\u201186.<\/p>\n","protected":false},"excerpt":{"rendered":"<p>Lenay, C., O. Gapenne, S. Hanneton, et J. Stewart. \u00ab\u00a0Perception et couplage sensori-moteur\u202f: exp\u00e9riences et discussion \u00e9pist\u00e9mologique\u00a0\u00bb. In Intelligence Artificielle Situ\u00e9e 99, A.Drogoul et J.A.Meyer (Eds.), Paris: Herm\u00e8s, 1999: 71\u201186.<\/p>\n","protected":false},"author":1,"featured_media":0,"parent":0,"menu_order":0,"comment_status":"closed","ping_status":"closed","template":"","meta":{"footnotes":""},"class_list":["post-268","page","type-page","status-publish","hentry"],"_links":{"self":[{"href":"https:\/\/charleslenay.com\/index.php\/wp-json\/wp\/v2\/pages\/268","targetHints":{"allow":["GET"]}}],"collection":[{"href":"https:\/\/charleslenay.com\/index.php\/wp-json\/wp\/v2\/pages"}],"about":[{"href":"https:\/\/charleslenay.com\/index.php\/wp-json\/wp\/v2\/types\/page"}],"author":[{"embeddable":true,"href":"https:\/\/charleslenay.com\/index.php\/wp-json\/wp\/v2\/users\/1"}],"replies":[{"embeddable":true,"href":"https:\/\/charleslenay.com\/index.php\/wp-json\/wp\/v2\/comments?post=268"}],"version-history":[{"count":1,"href":"https:\/\/charleslenay.com\/index.php\/wp-json\/wp\/v2\/pages\/268\/revisions"}],"predecessor-version":[{"id":270,"href":"https:\/\/charleslenay.com\/index.php\/wp-json\/wp\/v2\/pages\/268\/revisions\/270"}],"wp:attachment":[{"href":"https:\/\/charleslenay.com\/index.php\/wp-json\/wp\/v2\/media?parent=268"}],"curies":[{"name":"wp","href":"https:\/\/api.w.org\/{rel}","templated":true}]}}