{"id":224,"date":"2025-11-11T00:34:18","date_gmt":"2025-11-10T23:34:18","guid":{"rendered":"https:\/\/charleslenay.com\/?page_id=224"},"modified":"2026-04-14T17:07:15","modified_gmt":"2026-04-14T15:07:15","slug":"espace-de-perception-visual-glove-2","status":"publish","type":"page","link":"https:\/\/charleslenay.com\/index.php\/espace-de-perception-visual-glove-2\/","title":{"rendered":"Espace de perception &#8211; Visual Glove"},"content":{"rendered":"\n<p><\/p>\n\n\n\n<p><\/p>\n\n\n\n<p><\/p>\n\n\n\n<ul class=\"wp-block-list\">\n<li>1997 &#8211; <a href=\"https:\/\/charleslenay.com\/index.php\/technology-and-perception-the-contribution-of-sensory-substitution-systems\/\" data-type=\"page\" data-id=\"228\"><strong>Lenay<\/strong>, C., S. Canu, et P. Villon. \u00ab\u00a0Technology and perception: The contribution of sensory substitution systems\u00a0\u00bb. <em>Proceedings Second International Conference on Cognitive Technology Humanizing the Information Age<\/em> (Aizu-Wakamatsu, Japan), 1997, 44\u201153<\/a><\/li>\n\n\n\n<li>2001 &#8211; <a href=\"https:\/\/charleslenay.com\/index.php\/la-constitution-de-la-perception-spatiale-approches-phenomenologique-et-experimentale\/\" data-type=\"page\" data-id=\"238\"><strong>Lenay<\/strong>, C., et F. D. Sebbah. \u00ab\u00a0La constitution de la perception spatiale. Approches ph\u00e9nom\u00e9nologique et exp\u00e9rimentale\u00a0\u00bb. <em>Intellectica<\/em> 32, n<sup>o<\/sup> 1 (2001): 45\u201186<\/a><\/li>\n\n\n\n<li>2002 &#8211; <a href=\"https:\/\/charleslenay.com\/index.php\/navigation-et-construction-des-espaces-de-comprehension-sur-le-web\/\" data-type=\"page\" data-id=\"241\">Ghitalla, F., et C. <strong>Lenay<\/strong>. \u00ab\u00a0Les territoires de l\u2019information. Navigation et construction des espaces de compr\u00e9hension sur le web\u00a0\u00bb. <em>Les Cahiers du num\u00e9rique<\/em> 3, n<sup>o<\/sup> 3 (2002): 51\u201163<\/a><\/li>\n\n\n\n<li>2003 &#8211; <a href=\"https:\/\/charleslenay.com\/wp-content\/uploads\/2025\/11\/2003-Design-of-a-tactile-prosthesis-for-blind-users-with-a-virtual.pdf\" data-type=\"attachment\" data-id=\"245\">Thouvenin, I., C. <strong>Lenay<\/strong>, C. Cottereau, et D. Aubert. \u00ab\u00a0Design of a tactile prosthesis for blind users with a virtual reality system\u00a0\u00bb. <em>Virtual Concept 2003<\/em> (Biarritz \u2013 France), 2003, 199\u2011204<\/a><\/li>\n\n\n\n<li>2005 &#8211; <a href=\"https:\/\/charleslenay.com\/index.php\/there-is-something-out-there-distal-attribution-in-sensory-substitution-twenty-years-later\/\" data-type=\"page\" data-id=\"247\">Auvray, M., S. Hanneton, C. <strong>Lenay<\/strong>, et K. O\u2019Regan. \u00ab\u00a0There is something out there: distal attribution in sensory substitution, twenty years later.\u00a0\u00bb\u00a0 <em>Journal of Integrative Neuroscience<\/em> 4, n<sup>o<\/sup> 4 (2005): 505\u20112<\/a>1<\/li>\n\n\n\n<li>2010 &#8211; <a href=\"https:\/\/charleslenay.com\/index.php\/tactile-suppression-of-displacement\/\">Ziat, M., V. Hayward, C. E. Chapman, M. O. Ernst, et C. <strong>Lenay<\/strong>. \u00ab\u00a0Tactile suppression of displacement\u00a0\u00bb. <em>Experimental Brain Research<\/em> 206, n<sup>o<\/sup> 3 (2010): 299\u2011310<\/a><\/li>\n\n\n\n<li>2010 &#8211; <a href=\"https:\/\/charleslenay.com\/index.php\/beyond-the-internalism-externalism-debate-the-constitution-of-the-space-of-perception\/\"><strong>Lenay<\/strong>, C., et P. Steiner. \u00ab\u00a0Beyond the internalism\/externalism debate: the constitution of the space of perception\u00a0\u00bb. <em>Consciousness and cognition<\/em> 19, n<sup>o<\/sup> 4 (2010): 938\u201152<\/a><\/li>\n\n\n\n<li>2018 &#8211; <a href=\"https:\/\/charleslenay.com\/index.php\/from-sensory-substitution-to-perceptual-supplementation\/\"><strong>Lenay<\/strong>, C., et M. Tixier. \u00ab\u00a0From sensory substitution to perceptual supplementation\u00a0\u00bb. In <em>Living Machines: A Handbook of Research in Biomimetic and Biohybrid Systems<\/em>. Oxford University Press, 2018<\/a><\/li>\n\n\n\n<li>2026 &#8211; <a href=\"https:\/\/charleslenay.com\/index.php\/appropriation-of-perceptual-prostheses-an-enactive-approach-to-spatial-perception\/\"><strong>Lenay<\/strong>, C., et G. Declerck. \u00ab\u00a0Appropriation of Perceptual Prostheses: An Enactive Approach to Spatial\u00a0perception\u00a0\u00bb. <em>Mobility of Visually Impaired People: Fundamentals and ICT Assistive Technologies<\/em>, 2026, 37<\/a><\/li>\n<\/ul>\n\n\n\n<p><\/p>\n","protected":false},"excerpt":{"rendered":"","protected":false},"author":1,"featured_media":0,"parent":0,"menu_order":0,"comment_status":"closed","ping_status":"closed","template":"","meta":{"footnotes":""},"class_list":["post-224","page","type-page","status-publish","hentry"],"_links":{"self":[{"href":"https:\/\/charleslenay.com\/index.php\/wp-json\/wp\/v2\/pages\/224","targetHints":{"allow":["GET"]}}],"collection":[{"href":"https:\/\/charleslenay.com\/index.php\/wp-json\/wp\/v2\/pages"}],"about":[{"href":"https:\/\/charleslenay.com\/index.php\/wp-json\/wp\/v2\/types\/page"}],"author":[{"embeddable":true,"href":"https:\/\/charleslenay.com\/index.php\/wp-json\/wp\/v2\/users\/1"}],"replies":[{"embeddable":true,"href":"https:\/\/charleslenay.com\/index.php\/wp-json\/wp\/v2\/comments?post=224"}],"version-history":[{"count":9,"href":"https:\/\/charleslenay.com\/index.php\/wp-json\/wp\/v2\/pages\/224\/revisions"}],"predecessor-version":[{"id":778,"href":"https:\/\/charleslenay.com\/index.php\/wp-json\/wp\/v2\/pages\/224\/revisions\/778"}],"wp:attachment":[{"href":"https:\/\/charleslenay.com\/index.php\/wp-json\/wp\/v2\/media?parent=224"}],"curies":[{"name":"wp","href":"https:\/\/api.w.org\/{rel}","templated":true}]}}