{"id":111,"date":"2025-11-10T01:06:27","date_gmt":"2025-11-10T00:06:27","guid":{"rendered":"https:\/\/charleslenay.com\/?page_id=111"},"modified":"2025-11-10T01:06:27","modified_gmt":"2025-11-10T00:06:27","slug":"enaction-externalisme-et-suppleance-perceptive","status":"publish","type":"page","link":"https:\/\/charleslenay.com\/index.php\/enaction-externalisme-et-suppleance-perceptive\/","title":{"rendered":"\u00c9naction, Externalisme et Suppl\u00e9ance Perceptive"},"content":{"rendered":"\n<ul class=\"wp-block-list\">\n<li>Article<\/li>\n\n\n\n<li>Puis r\u00e9ponse aux critiques : \u00ab\u00a0La m\u00e9thode minimaliste : ph\u00e9nom\u00e9nologie et science objective\u00a0\u00bb<\/li>\n<\/ul>\n\n\n\n<div data-wp-interactive=\"core\/file\" class=\"wp-block-file\"><object data-wp-bind--hidden=\"!state.hasPdfPreview\" hidden class=\"wp-block-file__embed\" data=\"https:\/\/charleslenay.com\/wp-content\/uploads\/2025\/11\/2006-Enaction-Externalisme-et-Suppleance-Perceptive.pdf\" type=\"application\/pdf\" style=\"width:100%;height:600px\" aria-label=\"Contenu embarqu\u00e9 2006-\u00c9naction, Externalisme et Suppl\u00e9ance Perceptive.\"><\/object><a id=\"wp-block-file--media-a175c608-3117-4829-84ea-1dc90e40741a\" href=\"https:\/\/charleslenay.com\/wp-content\/uploads\/2025\/11\/2006-Enaction-Externalisme-et-Suppleance-Perceptive.pdf\">2006-\u00c9naction, Externalisme et Suppl\u00e9ance Perceptive<\/a><a href=\"https:\/\/charleslenay.com\/wp-content\/uploads\/2025\/11\/2006-Enaction-Externalisme-et-Suppleance-Perceptive.pdf\" class=\"wp-block-file__button wp-element-button\" download aria-describedby=\"wp-block-file--media-a175c608-3117-4829-84ea-1dc90e40741a\">T\u00e9l\u00e9charger<\/a><\/div>\n\n\n\n<div data-wp-interactive=\"core\/file\" class=\"wp-block-file\"><object data-wp-bind--hidden=\"!state.hasPdfPreview\" hidden class=\"wp-block-file__embed\" data=\"https:\/\/charleslenay.com\/wp-content\/uploads\/2025\/11\/2006-reponse-externalisme.pdf\" type=\"application\/pdf\" style=\"width:100%;height:600px\" aria-label=\"Contenu embarqu\u00e9 2006-reponse-externalisme.\"><\/object><a id=\"wp-block-file--media-dd628d85-b4b8-4a0f-a56e-e1463e74c0df\" href=\"https:\/\/charleslenay.com\/wp-content\/uploads\/2025\/11\/2006-reponse-externalisme.pdf\">2006-reponse-externalisme<\/a><a href=\"https:\/\/charleslenay.com\/wp-content\/uploads\/2025\/11\/2006-reponse-externalisme.pdf\" class=\"wp-block-file__button wp-element-button\" download aria-describedby=\"wp-block-file--media-dd628d85-b4b8-4a0f-a56e-e1463e74c0df\">T\u00e9l\u00e9charger<\/a><\/div>\n","protected":false},"excerpt":{"rendered":"","protected":false},"author":1,"featured_media":0,"parent":0,"menu_order":0,"comment_status":"closed","ping_status":"closed","template":"","meta":{"footnotes":""},"class_list":["post-111","page","type-page","status-publish","hentry"],"_links":{"self":[{"href":"https:\/\/charleslenay.com\/index.php\/wp-json\/wp\/v2\/pages\/111","targetHints":{"allow":["GET"]}}],"collection":[{"href":"https:\/\/charleslenay.com\/index.php\/wp-json\/wp\/v2\/pages"}],"about":[{"href":"https:\/\/charleslenay.com\/index.php\/wp-json\/wp\/v2\/types\/page"}],"author":[{"embeddable":true,"href":"https:\/\/charleslenay.com\/index.php\/wp-json\/wp\/v2\/users\/1"}],"replies":[{"embeddable":true,"href":"https:\/\/charleslenay.com\/index.php\/wp-json\/wp\/v2\/comments?post=111"}],"version-history":[{"count":1,"href":"https:\/\/charleslenay.com\/index.php\/wp-json\/wp\/v2\/pages\/111\/revisions"}],"predecessor-version":[{"id":114,"href":"https:\/\/charleslenay.com\/index.php\/wp-json\/wp\/v2\/pages\/111\/revisions\/114"}],"wp:attachment":[{"href":"https:\/\/charleslenay.com\/index.php\/wp-json\/wp\/v2\/media?parent=111"}],"curies":[{"name":"wp","href":"https:\/\/api.w.org\/{rel}","templated":true}]}}